{"id":9794,"date":"2023-06-01T20:48:05","date_gmt":"2023-06-01T19:48:05","guid":{"rendered":"https:\/\/www.odysseemotion.com\/web\/?page_id=9794"},"modified":"2023-06-01T21:19:34","modified_gmt":"2023-06-01T20:19:34","slug":"offrez-une-seance-de-coaching","status":"publish","type":"page","link":"https:\/\/www.odysseemotion.com\/web\/offrez-une-seance-de-coaching\/","title":{"rendered":"OFFREZ UNE SEANCE DE COACHING"},"content":{"rendered":"<p><b>OFFREZ UNE SEANCE DE COACHING PERSONNALISEE<\/b><\/p>\n<p>Vous avez envie de faire une surprise pour une occasion comme la f\u00eate des ain\u00e9s, un anniversaire, la Saint-Valentin \u2026 pour un membre de votre famille, un ami, un coll\u00e8gue, un associ\u00e9\u2026 ou pour le plaisir.<span class=\"Apple-converted-space\">\u00a0<\/span><\/p>\n<p>Le meilleur et le plus original de tous les cadeaux est celui auquel on ne s\u2019attend pas.<span class=\"Apple-converted-space\">\u00a0<\/span><\/p>\n<p>Pour Choisir la meilleure formule, demandez-vous de quoi il ou elle a besoin ?<\/p>\n<p><b>Une s\u00e9ance de coaching Flash<br \/>\n<\/b><\/p>\n<p>Gr\u00e2ce \u00e0 cette carte cadeau, vous pouvez offrir une s\u00e9ance de coaching individuelle de 45mn avec moi \u00e0 la personne de votre choix.<span class=\"Apple-converted-space\">\u00a0<\/span><\/p>\n<p>Cette s\u00e9ance pourra lui permettre de :<\/p>\n<p>Pr\u00e9ciser votre intention personnelle ou professionnelle<\/p>\n<p>Faire le point sur votre situation actuelle<\/p>\n<p>Vous rebooster ponctuellement<\/p>\n<p>Initier une exploration plus profonde qui sera poursuivie lors de s\u00e9ances compl\u00e9mentaires<\/p>\n<p>Pour recevoir la Carte Cadeau, il vous suffit de passer commande sur le site.<\/p>\n<p>Participation pour la s\u00e9ance : 70 euros<br \/>\n<span class=\"Apple-converted-space\">\u00a0<\/span><\/p>\n<p>J\u2019offre une s\u00e9ance de coaching Flash<\/p>\n<p>Vous avez des questions ?<\/p>\n<p>Image de la carte cadeau<\/p>\n","protected":false},"excerpt":{"rendered":"<p>OFFREZ UNE SEANCE DE COACHING PERSONNALISEE Vous avez envie de faire une surprise pour une occasion comme la f\u00eate des ain\u00e9s, un anniversaire, la Saint-Valentin \u2026 pour un membre de votre famille, un ami, un coll\u00e8gue, un associ\u00e9\u2026 ou pour le plaisir.\u00a0 Le meilleur et le plus original de tous les cadeaux est celui auquel [&hellip;]<\/p>\n","protected":false},"author":1,"featured_media":0,"parent":0,"menu_order":0,"comment_status":"closed","ping_status":"closed","template":"","meta":[],"_links":{"self":[{"href":"https:\/\/www.odysseemotion.com\/web\/wp-json\/wp\/v2\/pages\/9794"}],"collection":[{"href":"https:\/\/www.odysseemotion.com\/web\/wp-json\/wp\/v2\/pages"}],"about":[{"href":"https:\/\/www.odysseemotion.com\/web\/wp-json\/wp\/v2\/types\/page"}],"author":[{"embeddable":true,"href":"https:\/\/www.odysseemotion.com\/web\/wp-json\/wp\/v2\/users\/1"}],"replies":[{"embeddable":true,"href":"https:\/\/www.odysseemotion.com\/web\/wp-json\/wp\/v2\/comments?post=9794"}],"version-history":[{"count":1,"href":"https:\/\/www.odysseemotion.com\/web\/wp-json\/wp\/v2\/pages\/9794\/revisions"}],"predecessor-version":[{"id":9795,"href":"https:\/\/www.odysseemotion.com\/web\/wp-json\/wp\/v2\/pages\/9794\/revisions\/9795"}],"wp:attachment":[{"href":"https:\/\/www.odysseemotion.com\/web\/wp-json\/wp\/v2\/media?parent=9794"}],"curies":[{"name":"wp","href":"https:\/\/api.w.org\/{rel}","templated":true}]}}