{"id":5512,"date":"2021-11-28T22:56:35","date_gmt":"2021-11-28T21:56:35","guid":{"rendered":"https:\/\/www.odysseemotion.com\/web\/?page_id=5512"},"modified":"2025-02-24T17:34:32","modified_gmt":"2025-02-24T16:34:32","slug":"chaine-youtube-dediee-a-lintelligence-emotionnelle","status":"publish","type":"page","link":"https:\/\/www.odysseemotion.com\/web\/chaine-youtube-dediee-a-lintelligence-emotionnelle\/","title":{"rendered":"Cha\u00eene Youtube d\u00e9di\u00e9e \u00e0 l&rsquo;intelligence \u00e9motionnelle"},"content":{"rendered":"<div class=\"flex_column av_one_full  flex_column_div first  avia-builder-el-0  el_before_av_one_full  avia-builder-el-first  \" style='padding:2% 0 0% 0 ; border-radius:0px; '><section class=\"av_textblock_section \"  itemscope=\"itemscope\" itemtype=\"https:\/\/schema.org\/CreativeWork\" ><div class='avia_textblock  '  style='font-size:13px; '  itemprop=\"text\" ><h1 style=\"text-align: center;\"><strong><span style=\"font-family: courier new, courier, monospace;\"><span style=\"color: #ed4700;\">LE R\u00c9VEIL \u00c9MOTIONNEL<\/span><\/span><\/strong><\/h1>\n<\/div><\/section><\/div>\n<div class=\"flex_column av_one_full  no_margin flex_column_div first  avia-builder-el-2  el_after_av_one_full  el_before_av_one_full  column-top-margin\" style='padding:0px 0px 0px 0px ; border-radius:0px; '><section class=\"av_textblock_section \"  itemscope=\"itemscope\" itemtype=\"https:\/\/schema.org\/CreativeWork\" ><div class='avia_textblock  '   itemprop=\"text\" ><h2><\/h2>\n<h2 style=\"text-align: center;\"><span style=\"font-family: arial, helvetica, sans-serif;\"><span style=\"color: #a09888;\"><span class=\"\" title=\"Modifi\u00e9\">Cha\u00eene Youtube d\u00e9di\u00e9e \u00e0 l&rsquo;intelligence \u00e9motionnelle <\/span><\/span><\/span><\/h2>\n<h2 style=\"text-align: center;\"><span style=\"font-family: arial, helvetica, sans-serif;\"><span style=\"color: #a09888;\"><span class=\"\" title=\"Modifi\u00e9\">avec Gilles Corcos et Agn\u00e8s Breynaert<br \/>\n<\/span><\/span><\/span><\/h2>\n<\/div><\/section><\/div>\n<div class=\"flex_column av_one_full  flex_column_div first  avia-builder-el-4  el_after_av_one_full  el_before_av_one_full  column-top-margin\" style='padding:0px 0 0px 0 ; border-radius:0px; '><section class=\"av_textblock_section \"  itemscope=\"itemscope\" itemtype=\"https:\/\/schema.org\/CreativeWork\" ><div class='avia_textblock  av_inherit_color  av-medium-font-size-overwrite av-medium-font-size-16'  style='font-size:22px; color:#5b3b38; '  itemprop=\"text\" ><h3><\/h3>\n<h3 style=\"text-align: left;\"><span style=\"font-size: 14pt;\"><span style=\"line-height: 26pt;\"><span style=\"font-family: arial, helvetica, sans-serif;\">\u00ab\u00a0J&rsquo;ai rencontr\u00e9 Gilles lors d&rsquo;une masterclass organis\u00e9e par mon entreprise. J&rsquo;ai eu envie d&rsquo;en savoir plus et j&rsquo;ai contact\u00e9 Gilles Corcos pour approfondir le sujet. De fil en aiguille, j&rsquo;ai eu envie de partager plus largement nos \u00e9changes dans une chaine Youtube.\u00a0\u00bb<\/span><\/span><\/span><\/h3>\n<\/div><\/section><\/div><div class=\"flex_column av_one_full  flex_column_div av-zero-column-padding first  avia-builder-el-6  el_after_av_one_full  el_before_av_one_full  column-top-margin\" style='border-radius:0px; '><div  class='avia-button-wrap avia-button-center  avia-builder-el-7  avia-builder-el-no-sibling ' ><a href='https:\/\/www.youtube.com\/@lereveilemotionnel2244\/videos' class='avia-button   avia-icon_select-yes-left-icon avia-color-custom avia-size-x-large avia-position-center ' target=\"_blank\" style='background-color:#ff6600; border-color:#ff6600; color:#ffffff; ' rel=\"noopener\"><span class='avia_button_icon avia_button_icon_left ' aria-hidden='true' data-av_icon='\ue832' data-av_iconfont='entypo-fontello'><\/span><span class='avia_iconbox_title' >D\u00e9couvrir notre chaine YT d\u00e9di\u00e9 \u00e0 l\u2019IE<\/span><\/a><\/div><\/div><div class=\"flex_column av_one_full  flex_column_div first  avia-builder-el-8  el_after_av_one_full  el_before_av_one_full  column-top-margin\" style='padding:0px 0px 0 0px ; border-radius:0px; '><section class=\"av_textblock_section \"  itemscope=\"itemscope\" itemtype=\"https:\/\/schema.org\/CreativeWork\" ><div class='avia_textblock  av_inherit_color '  style='color:#5b3b38; '  itemprop=\"text\" ><p><span style=\"font-family: arial, helvetica, sans-serif; font-size: 18pt; line-height: 22pt; color: #ff6600;\"><strong>TH\u00c9MATIQUES DES INTERVIEWS<br \/>\n<\/strong><\/span><\/p>\n<\/div><\/section><\/div><\/p>\n<div class=\"flex_column av_one_full  flex_column_div av-zero-column-padding first  avia-builder-el-10  el_after_av_one_full  el_before_av_image  column-top-margin\" style='border-radius:0px; '><div  class='avia-button-wrap avia-button-center  avia-builder-el-11  avia-builder-el-no-sibling ' ><a href='https:\/\/www.odysseemotion.com\/web\/blogdelie\/'  class='avia-button   avia-icon_select-yes-left-icon avia-color-custom avia-size-x-large avia-position-center '  target=\"_blank\"  style='background-color:#ff6600; border-color:#ff6600; color:#ffffff; ' ><span class='avia_button_icon avia_button_icon_left ' aria-hidden='true' data-av_icon='\ue832' data-av_iconfont='entypo-fontello'><\/span><span class='avia_iconbox_title' >D\u00e9couvrir notre blog et ses articles d\u00e9di\u00e9s \u00e0 l\u2019IE<\/span><\/a><\/div><\/div>\n<div  class='avia-image-container avia_animated_image avia_animate_when_almost_visible fade-in av-styling-    avia-builder-el-12  el_after_av_one_full  el_before_av_video  avia-align-center '  itemprop=\"image\" itemscope=\"itemscope\" itemtype=\"https:\/\/schema.org\/ImageObject\"  ><div class='avia-image-container-inner'><div class='avia-image-overlay-wrap'><img class='avia_image' src='https:\/\/www.odysseemotion.com\/web\/wp-content\/uploads\/2011\/09\/systemotion.jpg' alt='' title=''   itemprop=\"thumbnailUrl\"  \/><\/div><\/div><\/div>\n<div  class='avia-video avia-video-16-9   av-lazyload-immediate  av-lazyload-video-embed  '   itemprop=\"video\" itemtype=\"https:\/\/schema.org\/VideoObject\"  data-original_url='https:\/\/youtu.be\/ehT3dJRYz9A?si=0a4LL-kWe9CivbUG' ><script type='text\/html' class='av-video-tmpl'><div class='avia-iframe-wrap'><iframe title=\"Se lib\u00e9rer ENFIN du Sauveur qui est en soi !\" width=\"1500\" height=\"844\" src=\"https:\/\/www.youtube.com\/embed\/ehT3dJRYz9A?feature=oembed\" frameborder=\"0\" allow=\"accelerometer; autoplay; clipboard-write; encrypted-media; gyroscope; picture-in-picture; web-share\" referrerpolicy=\"strict-origin-when-cross-origin\" allowfullscreen><\/iframe><\/div><\/script><div class='av-click-to-play-overlay'><div class=\"avia_playpause_icon\"><\/div><\/div><\/div>\n<div  class='avia-video avia-video-16-9   av-lazyload-immediate  av-lazyload-video-embed  '   itemprop=\"video\" itemtype=\"https:\/\/schema.org\/VideoObject\"  data-original_url='https:\/\/youtu.be\/DkuV-N3jFHs?si=Pcqtwu1d96wKrf5l' ><script type='text\/html' class='av-video-tmpl'><div class='avia-iframe-wrap'><iframe title=\"L&#039;intelligence du corps\" width=\"1500\" height=\"844\" src=\"https:\/\/www.youtube.com\/embed\/DkuV-N3jFHs?feature=oembed\" frameborder=\"0\" allow=\"accelerometer; autoplay; clipboard-write; encrypted-media; gyroscope; picture-in-picture; web-share\" referrerpolicy=\"strict-origin-when-cross-origin\" allowfullscreen><\/iframe><\/div><\/script><div class='av-click-to-play-overlay'><div class=\"avia_playpause_icon\"><\/div><\/div><\/div>\n<div  class='avia-video avia-video-16-9   av-lazyload-immediate  av-lazyload-video-embed  '   itemprop=\"video\" itemtype=\"https:\/\/schema.org\/VideoObject\"  data-original_url='https:\/\/youtu.be\/7CQG9olmU6U?si=xtWcAxVG48BFk3Kg' ><script type='text\/html' class='av-video-tmpl'><div class='avia-iframe-wrap'><iframe title=\"Pourquoi est-ce si difficile d&#039;\u00eatre soi-m\u00eame ?\" width=\"1500\" height=\"844\" src=\"https:\/\/www.youtube.com\/embed\/7CQG9olmU6U?feature=oembed\" frameborder=\"0\" allow=\"accelerometer; autoplay; clipboard-write; encrypted-media; gyroscope; picture-in-picture; web-share\" referrerpolicy=\"strict-origin-when-cross-origin\" allowfullscreen><\/iframe><\/div><\/script><div class='av-click-to-play-overlay'><div class=\"avia_playpause_icon\"><\/div><\/div><\/div>\n","protected":false},"excerpt":{"rendered":"","protected":false},"author":1,"featured_media":0,"parent":0,"menu_order":0,"comment_status":"open","ping_status":"closed","template":"","meta":[],"_links":{"self":[{"href":"https:\/\/www.odysseemotion.com\/web\/wp-json\/wp\/v2\/pages\/5512"}],"collection":[{"href":"https:\/\/www.odysseemotion.com\/web\/wp-json\/wp\/v2\/pages"}],"about":[{"href":"https:\/\/www.odysseemotion.com\/web\/wp-json\/wp\/v2\/types\/page"}],"author":[{"embeddable":true,"href":"https:\/\/www.odysseemotion.com\/web\/wp-json\/wp\/v2\/users\/1"}],"replies":[{"embeddable":true,"href":"https:\/\/www.odysseemotion.com\/web\/wp-json\/wp\/v2\/comments?post=5512"}],"version-history":[{"count":38,"href":"https:\/\/www.odysseemotion.com\/web\/wp-json\/wp\/v2\/pages\/5512\/revisions"}],"predecessor-version":[{"id":5538,"href":"https:\/\/www.odysseemotion.com\/web\/wp-json\/wp\/v2\/pages\/5512\/revisions\/5538"}],"wp:attachment":[{"href":"https:\/\/www.odysseemotion.com\/web\/wp-json\/wp\/v2\/media?parent=5512"}],"curies":[{"name":"wp","href":"https:\/\/api.w.org\/{rel}","templated":true}]}}