{"id":3945,"date":"2019-01-30T15:57:08","date_gmt":"2019-01-30T14:57:08","guid":{"rendered":"http:\/\/www.odysseemotion.com\/web\/?page_id=3945"},"modified":"2021-04-28T14:45:14","modified_gmt":"2021-04-28T13:45:14","slug":"nouveau-atelier-training","status":"publish","type":"page","link":"https:\/\/www.odysseemotion.com\/web\/nouveau-atelier-training\/","title":{"rendered":"ATELIERS TRAINING"},"content":{"rendered":"<div class=\"flex_column av_two_third  flex_column_div av-zero-column-padding first  avia-builder-el-0  el_before_av_one_third  avia-builder-el-first  \" style='border-radius:0px; '><section class=\"av_textblock_section \"  itemscope=\"itemscope\" itemtype=\"https:\/\/schema.org\/CreativeWork\" ><div class='avia_textblock  '   itemprop=\"text\" ><p>Inscription<\/p>\n<p style=\"text-align: right;\"><span style=\"font-size: 14pt;\"><strong>10 ateliers exp\u00e9rientiels<br \/>\nde 20h \u00e0 21h30<\/strong><\/span>.<\/p>\n<p style=\"text-align: right;\">Individuels :<br \/>\n70\u20ac la soir\u00e9e<br \/>\n600\u20ac le cycle complet<\/p>\n<p style=\"text-align: right;\">.<\/p>\n<p style=\"text-align: right;\"><span style=\"font-size: 10pt;\">\u00ab\u00a0Ne t\u2019excuse jamais d\u2019avoir laiss\u00e9 para\u00eetre tes sentiments,<\/span><br \/>\n<span style=\"font-size: 10pt;\">car ce serait t\u2019excuser de la v\u00e9rit\u00e9.\u00a0\u00bb,<\/span><br \/>\n<span style=\"font-size: 10pt;\">Benjamin DISRAELI<\/span><\/p>\n<p style=\"text-align: right;\">.<\/p>\n<p><span style=\"font-size: small;\">Apr\u00e8s bient\u00f4t 20 ans de p\u00e9dagogie \u00e9motionnelle, nous avons pens\u00e9 qu\u2019il \u00e9tait important de cr\u00e9er un parcours progressif, accessible et complet, pour se r\u00e9concilier avec ses \u00e9motions. D\u00e9passer ses conditionnements culturels, sociaux et \u00e9ducatifs pour se\u00a0r\u00e9approprier son intelligence \u00e9motionnelle.<\/span><\/p>\n<p><span style=\"color: #333333;\"><strong><span style=\"font-size: 10pt;\">Objectifs<\/span><\/strong><\/span><\/p>\n<ul>\n<li><span style=\"font-size: 10pt;\">Changer votre mani\u00e8re de vivre vos \u00e9motions<\/span><\/li>\n<li><span style=\"font-size: 10pt;\">Investir sur votre potentiel \u00e9motionnel<\/span><\/li>\n<li><span style=\"font-size: 10pt;\">Avancer vers l&rsquo;individu que vous aspirez \u00e0 \u00eatre<\/span><\/li>\n<\/ul>\n<h2><span style=\"color: #333333;\"><strong><span style=\"font-size: 10pt;\">Animation<\/span><\/strong><\/span><\/h2>\n<p><span style=\"font-size: 10pt;\">Gilles Corcos coach et enseigne l\u2019intelligence \u00e9motionnelle depuis f\u00e9vrier 2002. Il est l\u2019auteur des ouvrages \u00ab\u00a0D\u00e9veloppez vos comp\u00e9tences \u00e9motionnelles\u00a0\u00bb chez Eyrolles et \u00ab\u00a0Comment cultiver son Intelligence Emotionnelle\u00a0\u00bb chez Larousse.<\/span><\/p>\n<h2><span style=\"color: #333333;\"><strong><span style=\"font-size: 10pt;\">Contenu<\/span><\/strong><\/span><\/h2>\n<p><span style=\"font-size: 10pt;\">Chaque Session est consacr\u00e9e \u00e0 accroitre le potentiel \u00e9motionnel pour le mettre au service de son activit\u00e9 et de ses relations personnelles. Toutes les situations abord\u00e9es seront r\u00e9elles et apport\u00e9es par les participants. Cas par cas, les situations apport\u00e9es sont<\/span><span style=\"font-size: 13.333333015441895px;\">\u00a0clarifi\u00e9e<\/span><span style=\"font-size: 10pt;\">\u00a0\u00e0 partir des \u00e9motions.<\/span><\/p>\n<p><span style=\"font-size: 10pt;\">Apr\u00e8s avoir int\u00e9gr\u00e9 les principes cl\u00e9s de fonctionnement de notre intelligence \u00e9motionnelle, nous explorons comment vivre les \u00e9motion comme\u00a0<\/span><span style=\"font-size: 13.333333015441895px;\">\u00a0le DESIR, le PLAISIR, l&rsquo;AMOUR et la PEUR, la TRISTESSE, la COLERE<\/span><span style=\"font-size: 10pt;\">.\u00a0<\/span><\/p>\n<p><span style=\"font-size: small;\">Nous aborderons, selon\u00a0l&rsquo;exp\u00e9rience des participants, les \u00e9motions \u00ab\u00a0complexes\u00a0\u00bb comme la CULPABILITE, la HONTE, l&rsquo;ENTHOUSIASME, l\u2019EXTASE. Ces ateliers seront v\u00e9cus comme un voyage initiatique.\u00a0<\/span><\/p>\n<p>Ces ateliers ont lieu en \u00ab\u00a0distanciel\u00a0\u00bb \u00a0par Zoom.<\/p>\n<p style=\"text-align: center;\">\u00a0Inscription<\/p>\n<\/div><\/section><\/div><div class=\"flex_column av_one_third  flex_column_div av-zero-column-padding   avia-builder-el-2  el_after_av_two_third  avia-builder-el-last  \" style='border-radius:0px; '><p><div  class='avia-image-container  av-styling-    avia-builder-el-3  el_before_av_textblock  avia-builder-el-first  avia-align-center '  itemprop=\"image\" itemscope=\"itemscope\" itemtype=\"https:\/\/schema.org\/ImageObject\"  ><div class='avia-image-container-inner'><div class='avia-image-overlay-wrap'><img class='avia_image' src='https:\/\/www.odysseemotion.com\/web\/wp-content\/uploads\/2018\/07\/Lacher-prise-300x200.jpg' alt='' title='Lacher-prise' height=\"200\" width=\"300\"  itemprop=\"thumbnailUrl\"  \/><\/div><\/div><\/div><br \/>\n<section class=\"av_textblock_section \"  itemscope=\"itemscope\" itemtype=\"https:\/\/schema.org\/CreativeWork\" ><div class='avia_textblock  '   itemprop=\"text\" ><p><span style=\"font-size: 10pt; font-family: georgia, palatino, serif; color: #333333;\"><strong>P\u00e9dagogie<\/strong><\/span><\/p>\n<p><span style=\"color: #333333; font-size: 10pt; font-family: georgia, palatino, serif;\">P\u00e9dagogie disruptive essentiellement orient\u00e9e sur l\u2019exp\u00e9rience. Le jeu, la respiration, la m\u00e9ditation, l\u2019expression orale ou \u00e9crite \u2026 feront partie de notre voyage.<\/span><\/p>\n<p><span style=\"font-family: georgia, palatino, serif; color: #333333; font-size: 10pt;\"><strong>T\u00e9moignages<\/strong><\/span><\/p>\n<p><span style=\"color: #333333; font-size: 10pt; font-family: georgia, palatino, serif;\">\u00ab\u00a0J\u2019ai voyag\u00e9 dans plusieurs dimensions\u00a0\u00bb,<br \/>\n\u00ab\u00a0On peut tout changer si on le veut vraiment\u00a0\u00bb,<br \/>\n\u00ab\u00a0Ouverture sur des champs de possible infini.\u00a0\u00bb,<br \/>\n\u00ab\u00a0L\u2019harmonie relationnelle est une des cl\u00e9s de la sant\u00e9 physique et morale\u00a0\u00bb,<br \/>\n\u00ab\u00a0A creuser encore et encore. Merci Gilles\u00a0! que cela ne s\u2019arr\u00eate jamais d\u2019\u00e9plucher l\u2019oignon de mes certitudes.\u00a0\u00bb<\/span><\/p>\n<\/div><\/section><\/p><\/div><\/p>\n","protected":false},"excerpt":{"rendered":"","protected":false},"author":1,"featured_media":0,"parent":0,"menu_order":0,"comment_status":"closed","ping_status":"closed","template":"","meta":[],"_links":{"self":[{"href":"https:\/\/www.odysseemotion.com\/web\/wp-json\/wp\/v2\/pages\/3945"}],"collection":[{"href":"https:\/\/www.odysseemotion.com\/web\/wp-json\/wp\/v2\/pages"}],"about":[{"href":"https:\/\/www.odysseemotion.com\/web\/wp-json\/wp\/v2\/types\/page"}],"author":[{"embeddable":true,"href":"https:\/\/www.odysseemotion.com\/web\/wp-json\/wp\/v2\/users\/1"}],"replies":[{"embeddable":true,"href":"https:\/\/www.odysseemotion.com\/web\/wp-json\/wp\/v2\/comments?post=3945"}],"version-history":[{"count":29,"href":"https:\/\/www.odysseemotion.com\/web\/wp-json\/wp\/v2\/pages\/3945\/revisions"}],"predecessor-version":[{"id":3951,"href":"https:\/\/www.odysseemotion.com\/web\/wp-json\/wp\/v2\/pages\/3945\/revisions\/3951"}],"wp:attachment":[{"href":"https:\/\/www.odysseemotion.com\/web\/wp-json\/wp\/v2\/media?parent=3945"}],"curies":[{"name":"wp","href":"https:\/\/api.w.org\/{rel}","templated":true}]}}