{"id":3447,"date":"2018-03-23T14:23:36","date_gmt":"2018-03-23T13:23:36","guid":{"rendered":"http:\/\/www.odysseemotion.com\/web\/?page_id=3447"},"modified":"2018-04-10T10:35:46","modified_gmt":"2018-04-10T09:35:46","slug":"14eme-anniversaire-de-lecole","status":"publish","type":"page","link":"https:\/\/www.odysseemotion.com\/web\/14eme-anniversaire-de-lecole\/","title":{"rendered":"14eme Anniversaire de l&rsquo;Ecole"},"content":{"rendered":"<p style=\"text-align: center;\"><span style=\"font-size: 18pt;\"><a href=\"https:\/\/www.odysseemotion.com\/web\/wp-content\/uploads\/2018\/03\/IMG_7253.jpeg\"><img loading=\"lazy\" class=\"alignnone size-medium wp-image-3468\" src=\"https:\/\/www.odysseemotion.com\/web\/wp-content\/uploads\/2018\/03\/IMG_7253-300x225.jpeg\" alt=\"\" width=\"300\" height=\"225\" srcset=\"https:\/\/www.odysseemotion.com\/web\/wp-content\/uploads\/2018\/03\/IMG_7253-300x225.jpeg 300w, https:\/\/www.odysseemotion.com\/web\/wp-content\/uploads\/2018\/03\/IMG_7253.jpeg 320w\" sizes=\"(max-width: 300px) 100vw, 300px\" \/><\/a><\/span><\/p>\n<p style=\"text-align: center;\"><span style=\"font-size: 18pt;\">Nous avons f\u00eat\u00e9 ensemble le 14\u00e8me anniversaire de<br \/>\nl\u2019Ecole Syst\u00e9mique de l\u2019Intelligence Emotionnelle <\/span><\/p>\n<p style=\"text-align: center;\"><span style=\"font-size: 18pt;\">le dimanche 8 avril \u00e0 Paris.<\/span><\/p>\n<p>&nbsp;<\/p>\n<p>Avec les coach de l&rsquo;ESIE et les participants qui ont \u00e9t\u00e9 invit\u00e9s, nous avons f\u00eat\u00e9 le 14 \u00e8me anniversaire de l&rsquo;\u00e9cole qui a pour vocation d&rsquo;accompagner les personnes \u00e0 lib\u00e9rer leurs blessures, traumatismes et conditionnements dans le plaisir pour \u00eatre pleinement vivants.<\/p>\n<p>Gr\u00e2ce \u00e0 l&rsquo;animation de Keren-Sarah et d&rsquo;Astrid, l&rsquo;Intelligence Emotionnelle (IE) et la participation active de tous l&rsquo;IE est per\u00e7ue comme : \u00ab\u00a0un moyen d&rsquo;\u00eatre en relation avec les gens par l&rsquo;\u00e9coute de soi et des autres.\u00a0\u00bb, \u00ab\u00a0elle invite \u00e0 changer son regard sur les autres pour arriver au non-jugement\u00a0\u00bb, \u00ab\u00a0C&rsquo;est l&rsquo;habilet\u00e9 a \u00eatre avec l&rsquo;autre comme celle d&rsquo;\u00eatre avec soi-m\u00eame\u00a0\u00bb.<\/p>\n<p>Ce qui a \u00e9t\u00e9 exprim\u00e9 sur l&rsquo;\u00e9cole : \u00ab\u00a0Une p\u00e9dagogie bas\u00e9e sur peu de th\u00e9orie mais beaucoup de pratique.\u00a0\u00bb, \u00ab\u00a0Un croisement entre le cot\u00e9 ing\u00e9nieur de Gilles pour Comprendre et son c\u00f4t\u00e9 Emotionnel de son exp\u00e9rience\u00a0\u00bb, \u00ab\u00a0L&rsquo;\u00e9cole est associ\u00e9e \u00e0 bienveillance, profondeur, ouverture et non jugement\u00a0\u00bb, \u00ab\u00a0Elle est au c\u0153ur de la syst\u00e9mique.\u00a0\u00bb&#8230;<\/p>\n<p>Lors de la prochaine soir\u00e9e-conf\u00e9rence du 10 mai 2018 nous explorerons les moyens de d\u00e9velopper l&rsquo;intuition avec notre intelligence \u00e9motionnelle. Nous pr\u00e9senterons le prochain training des Fondamentaux de l&rsquo;IE. Vous \u00eates int\u00e9ress\u00e9 ? Contactez-nous.<\/p>\n<p style=\"text-align: center;\">Gilles CORCOS &#8211; gcorcos@odysseemotion.com<\/p>\n<p style=\"text-align: center;\"><a href=\"https:\/\/www.odysseemotion.com\/web\/wp-content\/uploads\/2018\/03\/Anniversaire.gif\"><img loading=\"lazy\" class=\"alignnone wp-image-3453\" src=\"https:\/\/www.odysseemotion.com\/web\/wp-content\/uploads\/2018\/03\/Anniversaire-300x224.gif\" alt=\"\" width=\"495\" height=\"369\" srcset=\"https:\/\/www.odysseemotion.com\/web\/wp-content\/uploads\/2018\/03\/Anniversaire-300x224.gif 300w, https:\/\/www.odysseemotion.com\/web\/wp-content\/uploads\/2018\/03\/Anniversaire-450x336.gif 450w\" sizes=\"(max-width: 495px) 100vw, 495px\" \/><\/a><\/p>\n<p>&nbsp;<\/p>\n","protected":false},"excerpt":{"rendered":"<p>Nous avons f\u00eat\u00e9 ensemble le 14\u00e8me anniversaire de l\u2019Ecole Syst\u00e9mique de l\u2019Intelligence Emotionnelle le dimanche 8 avril \u00e0 Paris. &nbsp; Avec les coach de l&rsquo;ESIE et les participants qui ont \u00e9t\u00e9 invit\u00e9s, nous avons f\u00eat\u00e9 le 14 \u00e8me anniversaire de l&rsquo;\u00e9cole qui a pour vocation d&rsquo;accompagner les personnes \u00e0 lib\u00e9rer leurs blessures, traumatismes et conditionnements [&hellip;]<\/p>\n","protected":false},"author":1,"featured_media":0,"parent":0,"menu_order":0,"comment_status":"closed","ping_status":"closed","template":"","meta":[],"_links":{"self":[{"href":"https:\/\/www.odysseemotion.com\/web\/wp-json\/wp\/v2\/pages\/3447"}],"collection":[{"href":"https:\/\/www.odysseemotion.com\/web\/wp-json\/wp\/v2\/pages"}],"about":[{"href":"https:\/\/www.odysseemotion.com\/web\/wp-json\/wp\/v2\/types\/page"}],"author":[{"embeddable":true,"href":"https:\/\/www.odysseemotion.com\/web\/wp-json\/wp\/v2\/users\/1"}],"replies":[{"embeddable":true,"href":"https:\/\/www.odysseemotion.com\/web\/wp-json\/wp\/v2\/comments?post=3447"}],"version-history":[{"count":7,"href":"https:\/\/www.odysseemotion.com\/web\/wp-json\/wp\/v2\/pages\/3447\/revisions"}],"predecessor-version":[{"id":3457,"href":"https:\/\/www.odysseemotion.com\/web\/wp-json\/wp\/v2\/pages\/3447\/revisions\/3457"}],"wp:attachment":[{"href":"https:\/\/www.odysseemotion.com\/web\/wp-json\/wp\/v2\/media?parent=3447"}],"curies":[{"name":"wp","href":"https:\/\/api.w.org\/{rel}","templated":true}]}}