{"id":3230,"date":"2017-09-08T09:40:26","date_gmt":"2017-09-08T08:40:26","guid":{"rendered":"http:\/\/www.odysseemotion.com\/web\/?page_id=3230"},"modified":"2025-12-14T21:17:58","modified_gmt":"2025-12-14T20:17:58","slug":"coaching-collectif","status":"publish","type":"page","link":"https:\/\/www.odysseemotion.com\/web\/coaching-collectif\/","title":{"rendered":"Coaching collectif"},"content":{"rendered":"<h3 data-start=\"239\" data-end=\"286\">Des espaces pour se rencontrer, en relation<\/h3>\n<blockquote data-start=\"288\" data-end=\"665\">\n<p data-start=\"290\" data-end=\"454\">Le collectif est un lieu puissant de transformation.<br data-start=\"342\" data-end=\"345\" \/>C\u2019est dans la relation \u00e0 l\u2019autre que nos sch\u00e9mas, nos \u00e9lans et nos limites apparaissent le plus clairement.<\/p>\n<p data-start=\"461\" data-end=\"665\">Le coaching collectif que nous proposons cr\u00e9e des <strong data-start=\"511\" data-end=\"546\">espaces s\u00e9curis\u00e9s et structur\u00e9s<\/strong><br data-start=\"546\" data-end=\"549\" \/>o\u00f9 chacun peut se rencontrer, s\u2019exprimer et \u00e9voluer,<br data-start=\"603\" data-end=\"606\" \/>sans pression de performance ni injonction au changement.<\/p>\n<\/blockquote>\n<hr data-start=\"667\" data-end=\"670\" \/>\n<h3 data-start=\"672\" data-end=\"690\">Notre approche<\/h3>\n<blockquote data-start=\"692\" data-end=\"1211\">\n<p data-start=\"694\" data-end=\"816\">Nous animons des groupes, des cercles et des espaces collectifs<br data-start=\"757\" data-end=\"760\" \/>fond\u00e9s sur la pr\u00e9sence, l\u2019\u00e9coute et la responsabilit\u00e9.<\/p>\n<p data-start=\"823\" data-end=\"1079\">L\u2019intelligence \u00e9motionnelle y est v\u00e9cue comme une <strong data-start=\"873\" data-end=\"901\">exp\u00e9rience relationnelle<\/strong>,<br data-start=\"902\" data-end=\"905\" \/>permettant de mieux comprendre ce qui se joue entre soi et les autres,<br data-start=\"977\" data-end=\"980\" \/>d\u2019accueillir les \u00e9motions sans jugement<br data-start=\"1021\" data-end=\"1024\" \/>et de d\u00e9velopper une posture plus juste dans le lien.<\/p>\n<p data-start=\"1086\" data-end=\"1211\">Le cadre est clair, contenant et respectueux.<br data-start=\"1131\" data-end=\"1134\" \/>Il favorise la confiance, la parole vraie et l\u2019int\u00e9gration de l\u2019exp\u00e9rience.<\/p>\n<\/blockquote>\n<hr data-start=\"1213\" data-end=\"1216\" \/>\n<h3 data-start=\"1218\" data-end=\"1259\">\u00c0 qui s\u2019adresse le coaching collectif<\/h3>\n<blockquote data-start=\"1261\" data-end=\"1633\">\n<p data-start=\"1263\" data-end=\"1308\">Ces espaces s\u2019adressent \u00e0 des personnes qui :<\/p>\n<p data-start=\"1315\" data-end=\"1633\">\u2013 souhaitent explorer leur relation aux autres<br data-start=\"1361\" data-end=\"1364\" \/>\u2013 traversent une p\u00e9riode de transition personnelle ou professionnelle<br data-start=\"1435\" data-end=\"1438\" \/>\u2013 veulent sortir de l\u2019isolement sans se fondre dans le groupe<br data-start=\"1501\" data-end=\"1504\" \/>\u2013 cherchent une transformation v\u00e9cue, pas seulement comprise<br data-start=\"1566\" data-end=\"1569\" \/>\u2013 sont pr\u00eates \u00e0 s\u2019impliquer avec responsabilit\u00e9 et ouverture<\/p>\n<\/blockquote>\n<hr data-start=\"1635\" data-end=\"1638\" \/>\n<h3 data-start=\"1640\" data-end=\"1670\">Ce que permet le collectif<\/h3>\n<blockquote data-start=\"1672\" data-end=\"1979\">\n<p data-start=\"1674\" data-end=\"1713\">Le travail en groupe permet notamment :<\/p>\n<p data-start=\"1720\" data-end=\"1979\">\u2013 de mettre en lumi\u00e8re ses sch\u00e9mas relationnels<br data-start=\"1767\" data-end=\"1770\" \/>\u2013 de d\u00e9velopper une \u00e9coute plus fine de ses \u00e9motions<br data-start=\"1824\" data-end=\"1827\" \/>\u2013 d\u2019exp\u00e9rimenter des relations plus authentiques<br data-start=\"1877\" data-end=\"1880\" \/>\u2013 de renforcer sa pr\u00e9sence et son discernement<br data-start=\"1928\" data-end=\"1931\" \/>\u2013 de trouver sa juste place dans un ensemble<\/p>\n<\/blockquote>\n<p data-start=\"1981\" data-end=\"2094\">Le groupe devient ainsi un <strong data-start=\"2008\" data-end=\"2031\">miroir bienveillant<\/strong>,<br data-start=\"2032\" data-end=\"2035\" \/>au service de la conscience et de la maturation int\u00e9rieure.<\/p>\n<hr data-start=\"2096\" data-end=\"2099\" \/>\n<h3 data-start=\"2101\" data-end=\"2125\">Les formats propos\u00e9s<\/h3>\n<blockquote data-start=\"2127\" data-end=\"2238\">\n<p data-start=\"2129\" data-end=\"2238\">\u2013 Caf\u00e9s IE<br data-start=\"2139\" data-end=\"2142\" \/>\u2013 cercles th\u00e9matiques<br data-start=\"2165\" data-end=\"2168\" \/>\u2013 journ\u00e9es de training<br data-start=\"2192\" data-end=\"2195\" \/>\u2013 groupes de pratique et de supervision<\/p>\n<\/blockquote>\n<p data-start=\"2240\" data-end=\"2333\">Chaque format est con\u00e7u comme un <strong data-start=\"2273\" data-end=\"2294\">espace de passage<\/strong>,<br data-start=\"2295\" data-end=\"2298\" \/>et non comme un programme \u00e0 suivre.<\/p>\n<hr data-start=\"2335\" data-end=\"2338\" \/>\n<h3 data-start=\"2340\" data-end=\"2357\">Notre posture<\/h3>\n<blockquote data-start=\"2359\" data-end=\"2672\">\n<p data-start=\"2361\" data-end=\"2448\">Nous ne cherchons pas \u00e0 corriger les individus<br data-start=\"2407\" data-end=\"2410\" \/>ni \u00e0 produire un r\u00e9sultat pr\u00e9d\u00e9fini.<\/p>\n<p data-start=\"2455\" data-end=\"2561\">Nous veillons \u00e0 la qualit\u00e9 du cadre,<br data-start=\"2491\" data-end=\"2494\" \/>\u00e0 la s\u00e9curit\u00e9 relationnelle<br data-start=\"2523\" data-end=\"2526\" \/>et \u00e0 la responsabilit\u00e9 de chacun.<\/p>\n<p data-start=\"2568\" data-end=\"2672\">Le collectif n\u2019est pas un lieu de r\u00e9paration,<br data-start=\"2613\" data-end=\"2616\" \/>mais un lieu d\u2019<strong data-start=\"2633\" data-end=\"2671\">exp\u00e9rience et de pr\u00e9sence partag\u00e9e<\/strong>.<\/p>\n<\/blockquote>\n<hr data-start=\"2674\" data-end=\"2677\" \/>\n<h3 data-start=\"2679\" data-end=\"2714\">Entrer dans un espace collectif<\/h3>\n<blockquote data-start=\"2716\" data-end=\"2905\">\n<p data-start=\"2718\" data-end=\"2905\">Si vous souhaitez rejoindre un espace collectif,<br data-start=\"2766\" data-end=\"2769\" \/>ou en savoir plus sur les formats propos\u00e9s,<br data-start=\"2814\" data-end=\"2817\" \/>nous vous invitons \u00e0 prendre contact<br data-start=\"2855\" data-end=\"2858\" \/>pour \u00e9changer sur ce qui est juste pour vous.<\/p>\n<\/blockquote>\n<h1 data-start=\"518\" data-end=\"569\">Contact<\/h1>\n<p data-start=\"2811\" data-end=\"2879\"><span class=\"_fadeIn_m1hgl_8\"> 06 76 12 42 58<\/span><\/p>\n","protected":false},"excerpt":{"rendered":"<p>Des espaces pour se rencontrer, en relation Le collectif est un lieu puissant de transformation.C\u2019est dans la relation \u00e0 l\u2019autre que nos sch\u00e9mas, nos \u00e9lans et nos limites apparaissent le plus clairement. Le coaching collectif que nous proposons cr\u00e9e des espaces s\u00e9curis\u00e9s et structur\u00e9so\u00f9 chacun peut se rencontrer, s\u2019exprimer et \u00e9voluer,sans pression de performance ni [&hellip;]<\/p>\n","protected":false},"author":1,"featured_media":0,"parent":0,"menu_order":0,"comment_status":"open","ping_status":"closed","template":"","meta":[],"_links":{"self":[{"href":"https:\/\/www.odysseemotion.com\/web\/wp-json\/wp\/v2\/pages\/3230"}],"collection":[{"href":"https:\/\/www.odysseemotion.com\/web\/wp-json\/wp\/v2\/pages"}],"about":[{"href":"https:\/\/www.odysseemotion.com\/web\/wp-json\/wp\/v2\/types\/page"}],"author":[{"embeddable":true,"href":"https:\/\/www.odysseemotion.com\/web\/wp-json\/wp\/v2\/users\/1"}],"replies":[{"embeddable":true,"href":"https:\/\/www.odysseemotion.com\/web\/wp-json\/wp\/v2\/comments?post=3230"}],"version-history":[{"count":6,"href":"https:\/\/www.odysseemotion.com\/web\/wp-json\/wp\/v2\/pages\/3230\/revisions"}],"predecessor-version":[{"id":16996,"href":"https:\/\/www.odysseemotion.com\/web\/wp-json\/wp\/v2\/pages\/3230\/revisions\/16996"}],"wp:attachment":[{"href":"https:\/\/www.odysseemotion.com\/web\/wp-json\/wp\/v2\/media?parent=3230"}],"curies":[{"name":"wp","href":"https:\/\/api.w.org\/{rel}","templated":true}]}}