{"id":3210,"date":"2017-09-08T09:36:53","date_gmt":"2017-09-08T08:36:53","guid":{"rendered":"http:\/\/www.odysseemotion.com\/web\/?page_id=3210"},"modified":"2017-09-28T17:28:47","modified_gmt":"2017-09-28T16:28:47","slug":"ressourcement-ie","status":"publish","type":"page","link":"https:\/\/www.odysseemotion.com\/web\/ressourcement-ie\/","title":{"rendered":"Ressourcement IE"},"content":{"rendered":"<p>Mettre \u00e0 jour vos connaissances et votre exp\u00e9rience de Coach telle qu\u2019enseign\u00e9e au sein de l&rsquo;\u00e9cole. C\u2019est la \u00ab\u00a0formation continue du Coach ESIE\u00a0\u00bb.<\/p>\n<p>&nbsp;<\/p>\n<p><strong>Objectifs du Ressourcement<\/strong><\/p>\n<p>Int\u00e9grer les nouvelles approches de l\u2019\u00e9cole en les exp\u00e9rimentant<\/p>\n<p>Renforcer vos relations au sein de l\u2019\u00e9cole<\/p>\n<p>&nbsp;<\/p>\n<p><strong>Dimensions du ressourcement<\/strong><\/p>\n<p><em>Personnelle<\/em>\u00a0: Etre plus pr\u00e9sence \u00e0 son int\u00e9riorit\u00e9<\/p>\n<p><em>Professionnelle<\/em>\u00a0: Vous positionner \u00e0 partir d\u2019une posture commune<\/p>\n<p><em>Relationnelle <\/em>: Exp\u00e9rimenter une qualit\u00e9 relationnelle directe et profonde<\/p>\n<p><strong>\u00a0<\/strong><\/p>\n<p><strong>Programme pr\u00e9vu<\/strong><\/p>\n<p><strong>\u00a0<\/strong><em>9h \u00a0\u00a0\u00a0\u00a0\u00a0<\/em>Partage d&rsquo;exp\u00e9riences<\/p>\n<p>9h30\u00a0\u00a0 COACHING IE en bin\u00f4me<\/p>\n<p><em>\u00a0<\/em>11h30 \u00a0Nouveaux APPORTS m\u00e9thodologiques<\/p>\n<p><em>12h30 \u00a0Pause d\u00e9jeuner<\/em><\/p>\n<p>13h45 Partages et clarifications des apports<\/p>\n<p>14h\u00a0\u00a0\u00a0\u00a0\u00a0 TRAINNING pour int\u00e9grer les nouveaux apports<\/p>\n<p>16h30 Debriefing et questions d\u2019approfondissement<\/p>\n<p>17h30 Partages et feed-back<\/p>\n<p>&nbsp;<\/p>\n","protected":false},"excerpt":{"rendered":"<p>Mettre \u00e0 jour vos connaissances et votre exp\u00e9rience de Coach telle qu\u2019enseign\u00e9e au sein de l&rsquo;\u00e9cole. C\u2019est la \u00ab\u00a0formation continue du Coach ESIE\u00a0\u00bb. &nbsp; Objectifs du Ressourcement Int\u00e9grer les nouvelles approches de l\u2019\u00e9cole en les exp\u00e9rimentant Renforcer vos relations au sein de l\u2019\u00e9cole &nbsp; Dimensions du ressourcement Personnelle\u00a0: Etre plus pr\u00e9sence \u00e0 son int\u00e9riorit\u00e9 Professionnelle\u00a0: [&hellip;]<\/p>\n","protected":false},"author":1,"featured_media":0,"parent":0,"menu_order":0,"comment_status":"closed","ping_status":"closed","template":"","meta":[],"_links":{"self":[{"href":"https:\/\/www.odysseemotion.com\/web\/wp-json\/wp\/v2\/pages\/3210"}],"collection":[{"href":"https:\/\/www.odysseemotion.com\/web\/wp-json\/wp\/v2\/pages"}],"about":[{"href":"https:\/\/www.odysseemotion.com\/web\/wp-json\/wp\/v2\/types\/page"}],"author":[{"embeddable":true,"href":"https:\/\/www.odysseemotion.com\/web\/wp-json\/wp\/v2\/users\/1"}],"replies":[{"embeddable":true,"href":"https:\/\/www.odysseemotion.com\/web\/wp-json\/wp\/v2\/comments?post=3210"}],"version-history":[{"count":0,"href":"https:\/\/www.odysseemotion.com\/web\/wp-json\/wp\/v2\/pages\/3210\/revisions"}],"wp:attachment":[{"href":"https:\/\/www.odysseemotion.com\/web\/wp-json\/wp\/v2\/media?parent=3210"}],"curies":[{"name":"wp","href":"https:\/\/api.w.org\/{rel}","templated":true}]}}