{"id":3206,"date":"2017-09-08T09:35:19","date_gmt":"2017-09-08T08:35:19","guid":{"rendered":"http:\/\/www.odysseemotion.com\/web\/?page_id=3206"},"modified":"2017-09-08T10:59:44","modified_gmt":"2017-09-08T09:59:44","slug":"supervision-ie","status":"publish","type":"page","link":"https:\/\/www.odysseemotion.com\/web\/supervision-ie\/","title":{"rendered":"Supervision IE"},"content":{"rendered":"<p><strong>Supervision\u00a0: de l\u2019action unique \u00e0 la continuit\u00e9<\/strong><br \/>\nDe la formation \u00e0 l\u2019\u00e9ducation<\/p>\n<p>Est-ce que la formation aussi intense soit-elle est suffisante pour \u00eatre soi-m\u00eame, pour \u00eatre pleinement vivant, simple, authentique, aimant, proche de notre r\u00e9alit\u00e9\u00a0? Acqu\u00e9rir du savoir certe mais pas acqu\u00e9rir de la co-naissance. Pas naitre ensemble, renaitre.<br \/>\nL\u2019\u00e9ducation, du latin ex-ducere qui signifie conduire hors, est sens\u00e9e nous permettre d\u2019aller hors du connu, des acquis, des certitudes. Aller hors du connu signifie d\u00e9couvrir d\u2019autre possibilit\u00e9s, d\u2019autres voie, cr\u00e9er, aller vers l\u2019inconnu.<br \/>\nLa formation est situ\u00e9e dans le temps, entre une semaine et 10 ans, mais situ\u00e9 dans le temps. L\u2019\u00e9ducation au sens cit\u00e9 ici est continue, c\u2019est un processus sans fin comme la vie qui est un processus sans fin.<br \/>\nLes deux semblent \u00eatre en opposition, l\u2019un est concave, l\u2019autre est convexe, comme tous les cycle de la vie qui montent et qui descendent, comme les saisons qui int\u00e8gre le changement dans une continuit\u00e9.<\/p>\n<p>Quel est le rapport entre la formation, l\u2019\u00e9ducation et la supervision\u00a0?<br \/>\nLa supervision agit dans la continuit\u00e9. La question n\u2019est plus ici de se former ou de ne pas se former. Elle est de s\u2019\u00e9duquer, au sens d\u2019aller hors de \u2026, du connu, du confort, de l\u2019habitude\u2026, d\u2019accepter de se d\u00e9couvrir jour apr\u00e8s jour, mois apr\u00e8s mois, dans son activit\u00e9 professionnelle en reflet de ses actes quotidiens. De se d\u00e9couvrir et de d\u00e9couvrir ses talents, ses dons, ses potentiels, sa richesse\u2026 r\u00e9guli\u00e8rement comme une mani\u00e8re d\u2019\u00eatre, une attitude, une posture.<br \/>\nCette continuit\u00e9 s\u2019appuie sur trois m\u00e9dias importants que sont la pens\u00e9e, l\u2019\u00e9motion et la sensation. Que se passe-t-il en moi pendant que j\u2019accompagne l\u2019autre aux niveaux de la pens\u00e9e, au niveau \u00e9motionnel, sensoriel, \u00e9nerg\u00e9tique, corporel, spatial\u2026<br \/>\nCette continuit\u00e9 s\u2019enrichit des apports de la th\u00e9orie des syst\u00e8mes et de ses principes. Cela signifie que sont abord\u00e9s non seulement la probl\u00e9matique du coach avec son client mais aussi toutes les composantes syst\u00e9miques du coach, du client, du groupe de supervision pr\u00e9sent pendant ce travail. Par exemple, ce \u00e0 quoi cette probl\u00e9matique dans l\u2019histoire du coach, dans ses relations avec le groupe, le v\u00e9cu des observateurs\u2026 tout ceci dans un cadre bienveillant et confrontant \u00e0 la fois.<\/p>\n<p>Pour savoir si ce type de supervision vous correspond, vous avez la possibilit\u00e9 de participer \u00e0 une premi\u00e8re s\u00e9ance sans vous engager sur toute l\u2019ann\u00e9e apr\u00e8s un entretien t\u00e9l\u00e9phonique pr\u00e9alable.<\/p>\n","protected":false},"excerpt":{"rendered":"<p>Supervision\u00a0: de l\u2019action unique \u00e0 la continuit\u00e9 De la formation \u00e0 l\u2019\u00e9ducation Est-ce que la formation aussi intense soit-elle est suffisante pour \u00eatre soi-m\u00eame, pour \u00eatre pleinement vivant, simple, authentique, aimant, proche de notre r\u00e9alit\u00e9\u00a0? Acqu\u00e9rir du savoir certe mais pas acqu\u00e9rir de la co-naissance. Pas naitre ensemble, renaitre. L\u2019\u00e9ducation, du latin ex-ducere qui signifie [&hellip;]<\/p>\n","protected":false},"author":1,"featured_media":0,"parent":0,"menu_order":0,"comment_status":"closed","ping_status":"closed","template":"","meta":[],"_links":{"self":[{"href":"https:\/\/www.odysseemotion.com\/web\/wp-json\/wp\/v2\/pages\/3206"}],"collection":[{"href":"https:\/\/www.odysseemotion.com\/web\/wp-json\/wp\/v2\/pages"}],"about":[{"href":"https:\/\/www.odysseemotion.com\/web\/wp-json\/wp\/v2\/types\/page"}],"author":[{"embeddable":true,"href":"https:\/\/www.odysseemotion.com\/web\/wp-json\/wp\/v2\/users\/1"}],"replies":[{"embeddable":true,"href":"https:\/\/www.odysseemotion.com\/web\/wp-json\/wp\/v2\/comments?post=3206"}],"version-history":[{"count":0,"href":"https:\/\/www.odysseemotion.com\/web\/wp-json\/wp\/v2\/pages\/3206\/revisions"}],"wp:attachment":[{"href":"https:\/\/www.odysseemotion.com\/web\/wp-json\/wp\/v2\/media?parent=3206"}],"curies":[{"name":"wp","href":"https:\/\/api.w.org\/{rel}","templated":true}]}}