{"id":3202,"date":"2017-09-08T09:33:37","date_gmt":"2017-09-08T08:33:37","guid":{"rendered":"http:\/\/www.odysseemotion.com\/web\/?page_id=3202"},"modified":"2023-10-22T21:46:50","modified_gmt":"2023-10-22T20:46:50","slug":"presentation-formation","status":"publish","type":"page","link":"https:\/\/www.odysseemotion.com\/web\/presentation-formation\/","title":{"rendered":"Pr\u00e9sentation"},"content":{"rendered":"<section class=\"av_textblock_section \"  itemscope=\"itemscope\" itemtype=\"https:\/\/schema.org\/CreativeWork\" ><div class='avia_textblock  '   itemprop=\"text\" ><h1 style=\"text-align: center;\">Calendrier 2023 &#8211; Ecole Syst\u00e9mique Intelligence Emotionnelle<\/h1>\n<h1 style=\"text-align: center;\">L&rsquo;organisation du parcours ESIE<\/h1>\n<table id=\"table_border\" style=\"width: 100%; height: 197px;\" border=\"0\" width=\"580\" cellspacing=\"1\" cellpadding=\"0\">\n<tbody>\n<tr>\n<td style=\"width: 31.08108108108108%;\" width=\"149\">\n<p align=\"center\"><em>D\u00e9nomination<\/em><\/p>\n<\/td>\n<td style=\"width: 36.351351351351354%;\" width=\"142\">\n<p align=\"center\"><em>Dur\u00e9e<\/em><\/p>\n<\/td>\n<td style=\"width: 31.756756756756754%;\" width=\"189\">\n<p align=\"center\"><em>Rythme<\/em><\/p>\n<\/td>\n<\/tr>\n<tr>\n<td style=\"width: 31.08108108108108%;\" width=\"149\"><a title=\"FONDAMENTAUX de l\u2019IE\" href=\"https:\/\/www.odysseemotion.com\/web\/fondamentaux-de-lie-2\/\">Fondamentaux SIE<\/a><\/td>\n<td style=\"width: 36.351351351351354%;\" bgcolor=\"#FFFFFF\" width=\"142\">3 jours<\/td>\n<td style=\"width: 31.756756756756754%;\" bgcolor=\"#FFFFFF\" width=\"189\">2 jours + 1 jour ou 3 jours<\/td>\n<\/tr>\n<tr>\n<td style=\"width: 31.08108108108108%;\" width=\"149\"><a title=\"PRATICIEN IE\" href=\"https:\/\/www.odysseemotion.com\/web\/praticien-ie\/\">Praticien SIE<\/a><\/td>\n<td style=\"width: 36.351351351351354%;\" bgcolor=\"#FFFFFF\" width=\"142\">6 jours +\u00a0Intersession<\/td>\n<td style=\"width: 31.756756756756754%;\" bgcolor=\"#FFFFFF\" width=\"189\">\u00a02 jours x 3<\/td>\n<\/tr>\n<tr>\n<td style=\"width: 31.08108108108108%;\" width=\"149\"><a title=\"COACH IE\" href=\"https:\/\/www.odysseemotion.com\/web\/coach-ie\/\">Coach SIE<\/a><\/td>\n<td style=\"width: 36.351351351351354%;\" bgcolor=\"#FFFFFF\" width=\"142\">11 jours +\u00a0Intersessions<\/td>\n<td style=\"width: 31.756756756756754%;\" bgcolor=\"#FFFFFF\" width=\"189\">\u00a02 jours x 2 + 3 jours x 2 + 1 jour<\/td>\n<\/tr>\n<\/tbody>\n<\/table>\n<table>\n<tbody>\n<tr>\n<td width=\"257\">Activit\u00e9<\/td>\n<td width=\"188\">Dates<\/td>\n<td width=\"188\"><em>Dates\u00a0<\/em><\/td>\n<\/tr>\n<tr>\n<td width=\"257\">Journ\u00e9e Intensive IE<strong><br \/>\n<\/strong><\/td>\n<\/tr>\n<\/tbody>\n<\/table>\n<p>Participation <span style=\"font-family: inherit;\">: 100\u20ac<br \/>\n<\/span><\/p>\n<div>\n<p>MONTPELLIER :<\/p>\n<div>\n<p class=\"Default\">29 janvier, 19 mars,<br \/>\n21 mai, 16 juillet,<br \/>\n17 septembre,<br \/>\n19 novembre<\/p>\n<\/div>\n<\/div>\n<div><\/div>\n<p>I. Fondamentaux de l\u2019IE\u00a0:<\/p>\n<p>Dur\u00e9e\u00a0: 3 jours \u2013 21h<\/p>\n<p>Participation :<span style=\"font-family: inherit;\">\u00a0520\u20ac \/ 620\u20ac*\u00a0<\/span><\/p>\n<div>\n<p class=\"Default\">6 au 8 f\u00e9vrier<\/p>\n<\/div>\n<div>27 au 29 septembre<\/div>\n<div>\n<p class=\"Default\">28 au 30 avril<\/p>\n<\/div>\n<div>1 au 3 d\u00e9cembre<\/div>\n<p>II. Praticien SIE\u00a0:<\/p>\n<p>Dur\u00e9e\u00a0: 6 jours \u2013 42h<\/p>\n<p style=\"font-weight: 400;\">Participation\u00a0:<em> 1 580\u20ac<\/em><\/p>\n<div>\n<p class=\"Default\">6, 7, 8 et<br \/>\n15, 16, 17 mars<\/p>\n<\/div>\n<div>\n<p class=\"Default\">18-19-20 octobre et<br \/>\n<span style=\"font-family: inherit;\">1-2-3 novembre,<\/span><\/p>\n<\/div>\n<p><strong>\u00a0<\/strong><\/p>\n<p>III. Coach SIE** :<\/p>\n<p>Dur\u00e9e\u00a0: 11 jours \u2013 77h<\/p>\n<div>Participation\u00a0: 3 80<i>0\u20ac<\/i><\/div>\n<div><i>Promo 2023 :<br \/>\n13-14 avril<br \/>\n7 au 9 juin,<br \/>\n20 au 22 septembre<br \/>\n9 et 10 novembre<br \/>\n<\/i>11 d\u00e9cembre<\/div>\n<div>\n<p class=\"Default\"><i>Promotion 2024<br \/>\n<\/i><i style=\"font-family: inherit;\">12-13 avril,<br \/>\n<\/i><i style=\"font-family: inherit;\">30, 31 mai et 1 juin<br \/>\n<\/i><i style=\"font-family: inherit;\">19 au 21 sept<br \/>\n<\/i><i>10 et 11 novembre,<br \/>\n<\/i><i>10 d\u00e9cembre<\/i><\/p>\n<\/div>\n<p>Cycle <em>complet<\/em>\u00a0SIE (I+II+III)<\/p>\n<p>Dur\u00e9e\u00a0: 20 jours \u2013 140h<\/p>\n<div>\n<p class=\"Default\">Participation\u00a0: <i>4 800\u20ac <\/i><\/p>\n<\/div>\n<p><strong>\u00a0<\/strong><\/p>\n<p>Modules\u00a0: Fondamentaux \/ Praticien \/ Coach IE<br \/>\n+ 3 Coaching intersession<\/p>\n<p>Cf. dates ci-dessus<\/p>\n<p><em>\u00a0<\/em><\/p>\n<p><em>\u00a0<\/em><\/p>\n<div>\n<p class=\"Default\">Supervisions individuel IE<b><br \/>\n<\/b><span style=\"font-family: inherit;\">Dur\u00e9e : 10 s\u00e9ances<\/span><\/p>\n<\/div>\n<div>\n<div>Participation : <i>1 600\u20ac <\/i><\/div>\n<div><\/div>\n<\/div>\n<div>\n<p class=\"Default\">7 janvier, 4 f\u00e9vrier, 4 mars,<br \/>\n<span style=\"font-family: inherit;\">1 avril, 29 avril, 27 mai,<br \/>\n<\/span>1 juillet, 16 septembre,<br \/>\n14 octobre, 11 novembre,<br \/>\n9 d\u00e9cembre<\/p>\n<\/div>\n<h3><span style=\"font-size: 8pt;\">* r\u00e8glement ferme 1 mois avant<br \/>\n** non certifiant RNCP<\/span><\/h3>\n<h2 class=\"titres\">PARCOURS SIE : les formations<\/h2>\n<p align=\"justify\">Les individus, les entreprises, les institutions peuvent se laisser d\u00e9passer par les acc\u00e9l\u00e9rations de l&rsquo;\u00e9volution de nos soci\u00e9t\u00e9s. L&rsquo;expression \u00ab Deux intelligences valent mieux qu&rsquo;une \u00bb signifie que t\u00f4t o\u00f9 tard, nous serons incit\u00e9s \u00e0 nous servir de nouvelles formes d&rsquo;intelligence pour faire face aux changements rapides que nous vivons et pour nous adapter, ou mieux anticiper, voire cr\u00e9er les conditions nouvelles pour r\u00e9pondre au monde de demain. Toute forme d&rsquo;intelligence a besoin d&rsquo;\u00eatre entrain\u00e9e, comme les neurosciences le confirment ces derni\u00e8res d\u00e9cennies. Vivre ensemble, partager nos ressources, travailler en intelligence de situation nous demande d&rsquo;\u00e9largir nos comp\u00e9tences m\u00e9tiers aux comp\u00e9tences \u00e9motionnelles. Pour cela, il nous faudra commencer par revisiter nos mod\u00e8les du monde, nos syst\u00e8mes de croyances, nos paradigmes pour ne pas passer \u00e0 c\u00f4t\u00e9 du niveau de complexit\u00e9 que la vie atteint aujourd&rsquo;hui.<\/p>\n<h2 class=\"titres\" align=\"justify\">Les objectifs des formations SIE<\/h2>\n<p align=\"justify\">Les formations en SIE vous pr\u00e9parent \u00e0 une vie complexe et multiple, \u00e0 des relations multiculturelles et profondes, \u00e0 une posture orient\u00e9e sur le devenir. Ces comp\u00e9tences peuvent se mesurer en terme de savoir-\u00eatre et d&rsquo;efficacit\u00e9 professionnelle.<\/p>\n<h2 class=\"titres\" align=\"justify\">Les \u00e9tapes du parcours SIE<\/h2>\n<p align=\"justify\">Ces \u00e9tapes abordent l&rsquo;exp\u00e9rience humaine selon diff\u00e9rents niveaux d&rsquo;abstraction, allant de l&rsquo;ext\u00e9riorit\u00e9 (environnement, comportements) vers l&rsquo;int\u00e9riorit\u00e9 (les capacit\u00e9s, les valeurs et croyances, identit\u00e9, vision) et selon diff\u00e9rents niveaux de changements.<\/p>\n<p><span class=\"H2\">Coach SIE : <\/span>d\u00e9veloppe des comp\u00e9tences d&rsquo;accompagnement individuel et collectif. <span class=\"H2\">Praticien SIE :<\/span> d\u00e9veloppe des comp\u00e9tences personnelles orient\u00e9es sur soi et relationnelles orient\u00e9es sur la relation entre soi et l&rsquo;autre. <span class=\"H2\">Fondamentaux SIE :<\/span> d\u00e9veloppe des comp\u00e9tences syst\u00e9miques orient\u00e9es nos mod\u00e8les de compr\u00e9hension de la vie.<\/p>\n<h3>D\u00e9couvrez aussi :<\/h3>\n<p><a href=\"https:\/\/www.odysseemotion.com\/web\/conference\/\">Les Conf\u00e9rences<\/a><\/p>\n<\/div><\/section>\n","protected":false},"excerpt":{"rendered":"","protected":false},"author":1,"featured_media":0,"parent":0,"menu_order":0,"comment_status":"closed","ping_status":"closed","template":"","meta":[],"_links":{"self":[{"href":"https:\/\/www.odysseemotion.com\/web\/wp-json\/wp\/v2\/pages\/3202"}],"collection":[{"href":"https:\/\/www.odysseemotion.com\/web\/wp-json\/wp\/v2\/pages"}],"about":[{"href":"https:\/\/www.odysseemotion.com\/web\/wp-json\/wp\/v2\/types\/page"}],"author":[{"embeddable":true,"href":"https:\/\/www.odysseemotion.com\/web\/wp-json\/wp\/v2\/users\/1"}],"replies":[{"embeddable":true,"href":"https:\/\/www.odysseemotion.com\/web\/wp-json\/wp\/v2\/comments?post=3202"}],"version-history":[{"count":48,"href":"https:\/\/www.odysseemotion.com\/web\/wp-json\/wp\/v2\/pages\/3202\/revisions"}],"predecessor-version":[{"id":10461,"href":"https:\/\/www.odysseemotion.com\/web\/wp-json\/wp\/v2\/pages\/3202\/revisions\/10461"}],"wp:attachment":[{"href":"https:\/\/www.odysseemotion.com\/web\/wp-json\/wp\/v2\/media?parent=3202"}],"curies":[{"name":"wp","href":"https:\/\/api.w.org\/{rel}","templated":true}]}}