{"id":2793,"date":"2017-01-31T09:41:26","date_gmt":"2017-01-31T08:41:26","guid":{"rendered":"http:\/\/www.odysseemotion.com\/web\/?page_id=2793"},"modified":"2019-01-06T20:16:13","modified_gmt":"2019-01-06T19:16:13","slug":"articles","status":"publish","type":"page","link":"https:\/\/www.odysseemotion.com\/web\/articles\/","title":{"rendered":"Articles"},"content":{"rendered":"<h1 style=\"text-align: center;\"><strong>Articles \u00e0 t\u00e9l\u00e9charger\u00a0<\/strong><\/h1>\n<p>&nbsp;<\/p>\n<table style=\"height: 305px; width: 839px;\">\n<tbody>\n<tr>\n<td style=\"width: 445.234375px;\">\n<ul>\n<li><span style=\"font-size: 14pt;\"><strong><a href=\"https:\/\/www.odysseemotion.com\/web\/articles\/attachment\/article-les-3-etapes-cles-pour-transformer-sa-colere\/\" rel=\"attachment wp-att-3846\">Les 3 \u00e9tapes cl\u00e9s pour transformer sa col\u00e8re<\/a><\/strong><\/span><\/li>\n<\/ul>\n<\/td>\n<td style=\"width: 377.78125px; text-align: center;\"><span style=\"font-size: 14pt;\">Janvier 2019<\/span><\/td>\n<\/tr>\n<tr>\n<td style=\"width: 445.234375px;\">\n<ul>\n<li><span style=\"font-size: 14pt;\"><strong><a href=\"https:\/\/www.odysseemotion.com\/web\/articles\/attachment\/article-depasser-les-difficultes-de-couple-2\/\" rel=\"attachment wp-att-3768\">D\u00e9passer les difficult\u00e9s de couple<\/a><\/strong><\/span><\/li>\n<\/ul>\n<\/td>\n<td style=\"width: 377.78125px; text-align: center;\"><span style=\"font-size: large;\">Octobre 2018<\/span><\/td>\n<\/tr>\n<tr>\n<td style=\"width: 445.234375px;\">\n<ul>\n<li><span style=\"font-size: 14pt;\"><strong><a href=\"https:\/\/www.odysseemotion.com\/web\/wp-content\/uploads\/2017\/01\/Article-Supervision-SIE.pdf\">Supervision Syst\u00e9mique et Intelligence Emotionnelle<\/a><\/strong><\/span><\/li>\n<\/ul>\n<\/td>\n<td style=\"width: 377.78125px; text-align: center;\"><span style=\"font-size: 14pt;\">Janvier 2018<\/span><\/td>\n<\/tr>\n<tr>\n<td style=\"width: 445.234375px;\">\n<ul>\n<li><span style=\"font-size: 14pt;\"><strong><a href=\"https:\/\/www.odysseemotion.com\/agenda\/article%20Eveiller%20sa%20conscience.pdf\">Etre soi-m\u00eame au quotidien<\/a><\/strong><\/span><\/li>\n<\/ul>\n<\/td>\n<td style=\"width: 377.78125px; text-align: center;\"><span style=\"font-size: 14pt;\">Juin 2017\u00a0<\/span><\/td>\n<\/tr>\n<tr>\n<td style=\"width: 445.234375px;\">\n<ul>\n<li><span style=\"font-size: 14pt;\"><strong><a href=\"https:\/\/www.odysseemotion.com\/agenda\/article%20Trouver%20de%20nouveaux%20reperes.pdf\">Vers de nouveaux rep\u00e8res<\/a><\/strong><\/span><\/li>\n<\/ul>\n<\/td>\n<td style=\"width: 377.78125px; text-align: center;\"><span style=\"font-size: 14pt;\">\u00a0Janvier 2017<\/span><\/td>\n<\/tr>\n<\/tbody>\n<\/table>\n<p style=\"text-align: center;\">\n","protected":false},"excerpt":{"rendered":"<p>Articles \u00e0 t\u00e9l\u00e9charger\u00a0 &nbsp; Les 3 \u00e9tapes cl\u00e9s pour transformer sa col\u00e8re Janvier 2019 D\u00e9passer les difficult\u00e9s de couple Octobre 2018 Supervision Syst\u00e9mique et Intelligence Emotionnelle Janvier 2018 Etre soi-m\u00eame au quotidien Juin 2017\u00a0 Vers de nouveaux rep\u00e8res \u00a0Janvier 2017<\/p>\n","protected":false},"author":1,"featured_media":0,"parent":0,"menu_order":0,"comment_status":"closed","ping_status":"closed","template":"","meta":[],"_links":{"self":[{"href":"https:\/\/www.odysseemotion.com\/web\/wp-json\/wp\/v2\/pages\/2793"}],"collection":[{"href":"https:\/\/www.odysseemotion.com\/web\/wp-json\/wp\/v2\/pages"}],"about":[{"href":"https:\/\/www.odysseemotion.com\/web\/wp-json\/wp\/v2\/types\/page"}],"author":[{"embeddable":true,"href":"https:\/\/www.odysseemotion.com\/web\/wp-json\/wp\/v2\/users\/1"}],"replies":[{"embeddable":true,"href":"https:\/\/www.odysseemotion.com\/web\/wp-json\/wp\/v2\/comments?post=2793"}],"version-history":[{"count":11,"href":"https:\/\/www.odysseemotion.com\/web\/wp-json\/wp\/v2\/pages\/2793\/revisions"}],"predecessor-version":[{"id":3845,"href":"https:\/\/www.odysseemotion.com\/web\/wp-json\/wp\/v2\/pages\/2793\/revisions\/3845"}],"wp:attachment":[{"href":"https:\/\/www.odysseemotion.com\/web\/wp-json\/wp\/v2\/media?parent=2793"}],"curies":[{"name":"wp","href":"https:\/\/api.w.org\/{rel}","templated":true}]}}