{"id":2574,"date":"2016-10-16T22:45:02","date_gmt":"2016-10-16T21:45:02","guid":{"rendered":"http:\/\/www.odysseemotion.com\/web\/?page_id=2574"},"modified":"2026-02-09T17:20:20","modified_gmt":"2026-02-09T16:20:20","slug":"soireedecouverte","status":"publish","type":"page","link":"https:\/\/www.odysseemotion.com\/web\/soireedecouverte\/","title":{"rendered":"Prochain CAFE Corps et Emotion :"},"content":{"rendered":"<div class=\"flex_column av_two_third  flex_column_div av-zero-column-padding first  avia-builder-el-0  el_before_av_one_third  avia-builder-el-first  \" style='border-radius:0px; '><section class=\"av_textblock_section \"  itemscope=\"itemscope\" itemtype=\"https:\/\/schema.org\/CreativeWork\" ><div class='avia_textblock  '   itemprop=\"text\" ><h2 style=\"text-align: center;\"><span style=\"color: #808080;\"><span style=\"font-size: 14pt;\"><b><a href=\"https:\/\/www.odysseemotion.com\/web\/wp-content\/uploads\/2026\/02\/Mepris-attaque-ou-protection-.jpg\"><img loading=\"lazy\" class=\"alignnone size-medium wp-image-17275\" src=\"https:\/\/www.odysseemotion.com\/web\/wp-content\/uploads\/2026\/02\/Mepris-attaque-ou-protection--300x300.jpg\" alt=\"\" width=\"300\" height=\"300\" srcset=\"https:\/\/www.odysseemotion.com\/web\/wp-content\/uploads\/2026\/02\/Mepris-attaque-ou-protection--300x300.jpg 300w, https:\/\/www.odysseemotion.com\/web\/wp-content\/uploads\/2026\/02\/Mepris-attaque-ou-protection--80x80.jpg 80w, https:\/\/www.odysseemotion.com\/web\/wp-content\/uploads\/2026\/02\/Mepris-attaque-ou-protection--768x768.jpg 768w, https:\/\/www.odysseemotion.com\/web\/wp-content\/uploads\/2026\/02\/Mepris-attaque-ou-protection--36x36.jpg 36w, https:\/\/www.odysseemotion.com\/web\/wp-content\/uploads\/2026\/02\/Mepris-attaque-ou-protection--180x180.jpg 180w, https:\/\/www.odysseemotion.com\/web\/wp-content\/uploads\/2026\/02\/Mepris-attaque-ou-protection--705x705.jpg 705w, https:\/\/www.odysseemotion.com\/web\/wp-content\/uploads\/2026\/02\/Mepris-attaque-ou-protection-.jpg 800w\" sizes=\"(max-width: 300px) 100vw, 300px\" \/><\/a><br \/>\n<\/b><\/span><\/span><\/h2>\n<div>\n<h1><strong>Caf\u00e9 Corps et Pr\u00e9sence<\/strong><\/h1>\n<h2><strong>M\u00e9pris : attaque ou protection ?<\/strong><\/h2>\n<div><\/div>\n<div>Vous avez peut-\u00eatre d\u00e9j\u00e0 subi du m\u00e9pris.<br \/>\nOu \u00e9t\u00e9 per\u00e7u comme m\u00e9prisant, alors que votre intention \u00e9tait simplement de vous prot\u00e9ger, de poser une limite ou d\u2019\u00eatre reconnu.<\/div>\n<div>Ce que l\u2019on voit moins, c\u2019est que\u00a0le m\u00e9pris est souvent une d\u00e9fense du corps face \u00e0 une vuln\u00e9rabilit\u00e9.<\/div>\n<p>Et que, lorsque cette protection n\u2019est pas reconnue, le jugement appara\u00eet, la tension monte, et chacun se ferme pour se prot\u00e9ger \u00e0 son tour.<\/p>\n<\/div>\n<div>Ce Caf\u00e9 Corps &amp; Pr\u00e9sence propose d\u2019explorer :<\/div>\n<ul>\n<li>\n<div>comment reconna\u00eetre ce que le corps cherche \u00e0 prot\u00e9ger,<\/div>\n<\/li>\n<li>\n<div>comment distinguer attaque et protection,<\/div>\n<\/li>\n<li>\n<div>comment poser une limite claire sans perdre le lien,<\/div>\n<\/li>\n<li>\n<div>et comment sortir du m\u00e9pris sans jugement.<\/div>\n<\/li>\n<\/ul>\n<div><\/div>\n<div>\n<p>Un espace pour ralentir, ressentir, et retrouver une intelligence relationnelle plus juste.<\/p>\n<\/div>\n<div>&gt;\u00a0D\u00e9roul\u00e9 (1h30)<br \/>\nAccueil, cadre et intention<br \/>\nExp\u00e9rience corporelle simple<br \/>\nPartage \u00e0 partir du v\u00e9cu (sans analyse)<br \/>\nCl\u00f4ture et invitation \u00e0 la suite<\/div>\n<div>&gt; Infos pratiques<br \/>\n. Mercredi 4 mars 2026<br \/>\n. 19h30 \u2013 21h00<br \/>\n. Paris 6e (adresse communiqu\u00e9e apr\u00e8s inscription)<br \/>\n. Participation libre \u00e0 partir de 5 \u20ac<\/div>\n<div>&gt;\u00a0Anim\u00e9 par<br \/>\nGilles Corcos<br \/>\nAccompagnant du vivant, de l\u2019\u00e9motion et de la conscience<br \/>\nAuteur (Eyrolles, Larousse)<\/div>\n<div>\u2728\u00a0Ce Caf\u00e9 s\u2019adresse\u2026<br \/>\n\u00e0 celles et ceux qui souhaitent mieux comprendre ce qui se joue dans leurs r\u00e9actions relationnelles,<br \/>\nretrouver de la clart\u00e9 dans leurs limites,<br \/>\net explorer le lien entre protection, vuln\u00e9rabilit\u00e9 et pr\u00e9sence.<\/div>\n<div>Si ces mots r\u00e9sonnent en vous, alors ce temps est peut-\u00eatre pour vous.<\/div>\n<p style=\"text-align: center;\"><span style=\"color: #808080;\"><strong><a style=\"color: #808080;\" href=\"https:\/\/www.billetweb.fr\/mepris-attaque-ou-protection\">M&rsquo;inscrire<\/a><\/strong><\/span><\/p>\n<div align=\"center\">\n<div align=\"center\">\n<div align=\"center\">\n<div align=\"right\">\n<div align=\"right\">\n<p style=\"text-align: center;\" data-end=\"212\" data-start=\"130\"><span style=\"color: #808080;\"><strong style=\"font-family: georgia, palatino, serif; text-align: center;\"><span style=\"font-size: 14pt;\">T\u00c9MOIGNAGES DE PROFESSIONNELS<\/span><\/strong><\/span><\/p>\n<\/div>\n<\/div>\n<\/div>\n<\/div>\n<\/div>\n<p style=\"font-weight: 400; text-align: center;\"><span style=\"font-family: georgia, palatino, serif; color: #808080;\"><strong><span style=\"font-size: 14pt;\">G\u00e9raldine GOUTTEGATAT<br \/>\n<span style=\"font-size: 14pt;\">&#8211;\u00a0<\/span><span style=\"font-size: 14pt;\">Emoc\u00e9enne, 2022<\/span><br \/>\n<\/span><\/strong><\/span><\/p>\n<p style=\"font-weight: 400;\"><span style=\"font-family: georgia, palatino, serif; color: #808080;\"><strong><span style=\"font-size: 12pt;\"><em>\u00ab\u00a0Je croyais conna\u00eetre mon corps et le ma\u00eetriser. Je pensais avoir compris \u00e0 quel point mes \u00e9motions m&rsquo;impactent.<\/em><\/span><\/strong><\/span><\/p>\n<p style=\"font-weight: 400;\"><span style=\"font-family: georgia, palatino, serif; color: #808080;\"><strong><span style=\"font-size: 12pt;\"><em>Aujourd\u2019hui, j\u2019ai compris que je n\u2019avais rien compris, je vivais mes \u00e9motions avec ma t\u00eate.<\/em><\/span><\/strong><\/span><\/p>\n<p style=\"font-weight: 400;\"><span style=\"font-family: georgia, palatino, serif; color: #808080;\"><strong><span style=\"font-size: 12pt;\"><em>J&rsquo;ai alors d\u00e9cid\u00e9 de m&#8217;embarquer sur l&rsquo;odysseemotion pour un voyage vers mes \u00e9motions. Depuis, j\u2019ai appris \u00e0 les ressentir et \u00e0 les vivre dans mon corps pour ne plus les subir.<\/em><\/span><\/strong><\/span><\/p>\n<p style=\"font-weight: 400;\"><span style=\"font-family: georgia, palatino, serif; color: #808080;\"><strong><span style=\"font-size: 12pt;\"><em>A partir de l\u00e0, je commence \u00e0 vivre une r\u00e9elle transformation physique et psychologique.<\/em><\/span><\/strong><\/span><\/p>\n<p style=\"font-weight: 400;\"><span style=\"font-family: georgia, palatino, serif; color: #808080;\"><strong><span style=\"font-size: 12pt;\"><em>Cette prise de conscience marque un tournant dans ma vie.<\/em><\/span><\/strong><\/span><\/p>\n<p style=\"font-weight: 400;\"><span style=\"font-family: georgia, palatino, serif; color: #808080;\"><strong><span style=\"font-size: 12pt;\"><em>Pouvoir partager cette exp\u00e9rience avec le plus grand nombre m&rsquo;anime d\u00e9sormais.<\/em><\/span><\/strong><\/span><\/p>\n<p style=\"font-weight: 400;\"><span style=\"font-family: georgia, palatino, serif; color: #808080;\"><strong><span style=\"font-size: 12pt;\"><em>J&rsquo;invite toute personne h\u00e9sitante \u00e0 entreprendre ce chemin initiatique \u00e0 faire le grand saut vers l&rsquo;exploration\u00a0\u00bb.<\/em><\/span><\/strong><\/span><\/p>\n<p style=\"font-weight: 400; text-align: center;\"><span style=\"font-family: georgia, palatino, serif; color: #808080;\"><strong><span style=\"font-size: 14pt;\"><br \/>\nAGNES BREYNAERT<br \/>\n<span style=\"font-size: 14pt;\">&#8211; Emoc\u00e9enne, 2022<\/span><br \/>\n<\/span><\/strong><\/span><\/p>\n<p style=\"font-weight: 400;\"><span style=\"font-family: georgia, palatino, serif; color: #808080;\"><strong><em><span style=\"font-size: 14pt;\">\u00ab\u00a0La formation du cursus d\u2019Intelligence \u00e9motionnelle propos\u00e9e par Gilles m\u2019a transform\u00e9 en profondeur. J\u2019ai gagn\u00e9 en assurance, en estime de moi. Aujourd\u2019hui j\u2019arrive \u00e0 reconnaitre mes parts d\u2019ombres lorsqu\u2019elles m\u2019activent et \u00e0 les traverser. J\u2019ai appris \u00e0 faire la part des choses et reconnaitre mes parts de responsabilit\u00e9 dans ce qui m\u2019arrive et enfin j\u2019ai appris \u00e0 d\u00e9plier une situation, faire des liens avec mon histoire tout \u00e7a gr\u00e2ce au d\u00e9veloppement de mon intelligence \u00e9motionnelle.<\/span><\/em><\/strong><\/span><\/p>\n<p style=\"font-weight: 400;\"><span style=\"font-family: georgia, palatino, serif; color: #808080;\"><strong><em><span style=\"font-size: 14pt;\">J\u2019ai aim\u00e9 son approche concr\u00e8te par le corps et les \u00e9motions avec des exercices simples d&rsquo;apparences mais tr\u00e8s puissants ! ce training est comme un voyage initiatique ou l\u2019on ressort nourri et grandi.<\/span><\/em><\/strong><\/span><\/p>\n<p style=\"font-weight: 400;\"><span style=\"font-family: georgia, palatino, serif; color: #808080;\"><strong><em><span style=\"font-size: 14pt;\">Je recommande \u00e0 toutes les personnes qui souhaitent sortir de leurs sch\u00e9mas r\u00e9p\u00e9titifs et se rapprocher de leur \u00eatre profond.\u00a0\u00bb<\/span><\/em><\/strong><\/span><\/p>\n<div class=\"ydp12e00e6eMsoNormal\"><\/div>\n<div><\/div>\n<p style=\"text-align: center;\"><span style=\"font-family: georgia, palatino, serif; color: #808080;\"><strong><span style=\"font-size: 12pt;\">Cl\u00e9ment LERAY<br \/>\n<span style=\"font-size: 14pt;\">&#8211; <span style=\"font-size: 14pt;\">Emoc\u00e9en, 2021<\/span><\/span><br \/>\n<\/span><\/strong><\/span><\/p>\n<p><span style=\"font-family: georgia, palatino, serif; color: #808080;\"><strong>\u00ab\u00a0<em><span style=\"font-size: 14pt;\">Cela fait bient\u00f4t un an que j&rsquo;ai rencontr\u00e9 l&rsquo;intelligence Emotionnelle gr\u00e2ce \u00e0 Gilles.\u00a0Depuis, beaucoup de choses ont \u00e9volu\u00e9 pour moi.\u00a0C&rsquo;est comme si je\u00a0d\u00e9ployais\u00a0enfin mes ailes pour prendre mon envole : cela m&rsquo;aide \u00e0 vivre ma vie au maximum.\u00a0Je r\u00e9alise la contribution de mon intelligence Emotionnelle dans toutes les \u00e9volutions que je vis depuis un an&#8230;\u00a0<\/span><\/em><\/strong><\/span><\/p>\n<p><span style=\"font-family: georgia, palatino, serif; color: #808080;\"><strong><em><span style=\"font-size: 14pt;\">Par exemple &#8230; je m&rsquo;\u00e9coute\u00a0dans ce qui est bon pour moi. J&rsquo;ai arr\u00eat\u00e9 les \u00ab\u00a0oui\u00a0\u00bb pour faire plaisir aux autres. Maintenant je v\u00e9rifie si c&rsquo;est ok pour moi. J&rsquo;ai compris que\u00a0la personne en face de moi est responsable de la mani\u00e8re dont elle r\u00e9agit. je ne la prends plus en charge.<br \/>\n<\/span><\/em><\/strong><\/span><\/p>\n<p><span style=\"font-family: georgia, palatino, serif; color: #808080;\"><strong><em><span style=\"font-size: 14pt;\">Je me dis que finalement, l&rsquo;intelligence Emotionnelle est un peu comme le service marketing et communication dans une grande entreprise. Elle ne mesure pas exactement combien cela lui rapporte par contre elle sait qu&rsquo;elle ne pourrait pas se d\u00e9velopper et m\u00eame ne plus exister sans elle.\u00a0<\/span><\/em><em><span style=\"font-size: 14pt;\">Avoir d\u00e9velopp\u00e9 mon intelligence\u00a0\u00e9motionnelle est l&rsquo;un des meilleurs investissement dans ma vie.<br \/>\n<\/span><\/em><br \/>\n<\/strong><\/span><\/p>\n<p style=\"text-align: center;\"><span style=\"font-family: georgia, palatino, serif; color: #808080;\"><strong><span style=\"font-size: 12pt;\">Jean-Michel GOISSET<br \/>\n<span style=\"font-size: 14pt;\">&#8211; <span style=\"font-size: 14pt;\">Emoc\u00e9en, 2021<\/span><\/span><br \/>\n<\/span><\/strong><\/span><\/p>\n<p><span style=\"font-family: georgia, palatino, serif; color: #808080;\"><strong><em><span style=\"font-size: 14pt;\">\u00ab\u00a0Quand j\u2019ai rencontr\u00e9 Gilles en 2014, j\u2019\u00e9tais coup\u00e9 de moi-m\u00eame, de mon corps, de mes \u00e9motions. Je sentais que tout se m\u00e9langeait, je sentais que mes \u00e9motions me dirigeaient. Je devais abandonner mes rep\u00e8res, mes croyances, mes habitudes, mon fonctionnement int\u00e9rieur pour pouvoir aller \u00e0 ma rencontre, \u00e0 la rencontre des autres et de mon environnement. Car je suis, nous sommes, dans un \u00e9co-syst\u00e8me o\u00f9 tout est en interaction, o\u00f9 tout interagit.<\/span><\/em><\/strong><\/span><\/p>\n<p><span style=\"font-family: georgia, palatino, serif; color: #808080;\"><strong><em><span style=\"font-size: 14pt;\">Les formations et le travail sur l\u2019intelligence \u00e9motionnelle m\u2019ont appris \u00e0 me connecter \u00e0 mes \u00e9motions, \u00e0 ma respiration, \u00e0 mon corps, \u00e0 mon c\u0153ur et \u00e0 l\u00e2cher le mental, le petit v\u00e9lo dans la t\u00eate qui nous emm\u00e8ne loin du pr\u00e9sent, qui nous extrait de notre corps.<\/span><\/em><\/strong><\/span><\/p>\n<p><span style=\"font-family: georgia, palatino, serif; color: #808080;\"><strong><em><span style=\"font-size: 14pt;\">J\u2019ai appris \u00e0 identifier, \u00e0 nommer, \u00e0 \u00e9couter, \u00e0 dialoguer avec mes \u00e9motions et mes parts pour les transformer et les lib\u00e9rer. C\u2019est l\u2019inverse du contr\u00f4le et de la gestion des \u00e9motions.<\/span><\/em><\/strong><\/span><\/p>\n<p><span style=\"font-family: georgia, palatino, serif; color: #808080;\"><strong><em><span style=\"font-size: 14pt;\">J\u2019ai ainsi appris, j\u2019apprends encore, \u00e0 passer de la t\u00eate au corps et au coeur, car les \u00e9motions et notre \u00e9nergie dans le corps nous connectent \u00e0 la r\u00e9alit\u00e9 du moment pr\u00e9sent et \u00e0 la r\u00e9alit\u00e9 de la vie. Nous sommes des \u00catres incarn\u00e9s et organiques. Et nous l\u2019oublions trop souvent car nous sommes happ\u00e9s par notre quotidien, par notre travail, par le bruit environnant.<\/span><\/em><\/strong><\/span><\/p>\n<p><span style=\"font-family: georgia, palatino, serif; color: #808080;\"><strong><em><span style=\"font-size: 14pt;\">En allant vers l\u2019intelligence \u00e9motionnelle, vers l\u2019intelligence du corps, je vais petit \u00e0 petit vers mon intuition, vers le vivant, vers un sentiment int\u00e9rieur, vers la spontan\u00e9it\u00e9, vers le moment pr\u00e9sent, vers le vrai, vers la libert\u00e9.<\/span><\/em><\/strong><\/span><\/p>\n<p><span style=\"font-family: georgia, palatino, serif; color: #808080;\"><strong><em><span style=\"font-size: 14pt;\">J\u2019ai appris \u00e0 voir mes r\u00e9ussites \u00e9motionnelles, \u00e0 voir ce que les autres me donnent car j\u2019essaie de prendre le temps d\u2019\u00e9couter ce que je vis \u00e0 l\u2019int\u00e9rieur de moi, \u00e0 sentir les vibrations et l\u2019\u00e9nergie qui circulent dans mon corps. Ce regard sur moi m\u2019apporte valeur et confiance. Cette pr\u00e9sence \u00e0 soi doit \u00eatre quotidienne si nous voulons changer. La cl\u00e9 de notre transformation est en nous, pas \u00e0 l\u2019ext\u00e9rieur.<\/span><\/em><\/strong><\/span><\/p>\n<p><span style=\"font-family: georgia, palatino, serif; color: #808080;\"><strong><em><span style=\"font-size: 14pt;\">&#8230; Ce travail sur moi et mes \u00e9motions est tout aussi important que d\u2019apprendre \u00e0 bien manger ou \u00e0 faire de l\u2019exercice physique. Ce voyage int\u00e9rieur est un long voyage \u00a0(probablement le voyage de toute ma vie) dont je ne connais pas la destination, mais il m\u2019emm\u00e8ne sur le chemin de la vie, de la connaissance, de la v\u00e9rit\u00e9 et de la libert\u00e9.<\/span><\/em><\/strong><\/span><\/p>\n<p><span style=\"font-family: georgia, palatino, serif; color: #808080;\"><strong><em><span style=\"font-size: 14pt;\">Je suis dans un processus dynamique en perp\u00e9tuelle transformation car ce qui est important c\u2019est le chemin et non la destination.\u00a0\u00bb &#8211; <\/span><\/em><span style=\"font-size: 14pt;\">COACH en Intelligence Emotionnelle<\/span><span style=\"font-size: 14pt;\"><em><span style=\"font-size: 12pt;\">.<br \/>\n<\/span><br \/>\n<\/em><\/span><\/strong><\/span><\/p>\n<p style=\"text-align: center;\"><span style=\"font-family: georgia, palatino, serif; color: #808080;\"><strong><span style=\"font-size: 12pt;\"><span style=\"font-size: 14pt;\">Dessi KRANTEVA<\/span><br \/>\n<span style=\"font-size: 14pt;\">&#8211; Emoc\u00e9enne, 2021<\/span><br \/>\n<\/span><\/strong><\/span><\/p>\n<p><span style=\"font-family: georgia, palatino, serif; color: #808080;\"><strong><span style=\"font-size: 12pt;\">\u00ab\u00a0<em><span style=\"font-size: 14pt;\">Identifier, accueillir, accompagner mes \u00e9motions, \u00e9couter ce qu\u2019elles me disent au lieu de les subir\u2026 \u00c7a m\u2019a permis de me reconnecter aux autres et au monde qui m\u2019entoure. J\u2019arr\u00eate de me juger, j\u2019accepte toutes mes facettes, m\u00eame les plus sombres \u2013 il n\u2019y a pas de lumi\u00e8re sans ombre. La vie me montre la multitude de couleurs qui se trouvent entre le blanc et le noir. Je renforce mes racines, je me sens exister. J\u2019ai envie d\u2019entreprendre de nouveaux projets. J\u2019\u00e9tablis des relations authentiques avec mes amis, mes coll\u00e8gues de travail, mes clients. <\/span><\/em><\/span><\/strong><\/span><\/p>\n<div class=\"ydp12e00e6eMsoNormal\"><span style=\"font-family: georgia, palatino, serif; color: #808080;\"><strong><span style=\"font-size: 12pt;\"><em><span style=\"font-size: 14pt;\">La formation en IE m\u2019a ouvert la porte d\u2019un monde parall\u00e8le o\u00f9 il fait bon vivre et o\u00f9 j\u2019ose dire ce que je pense, j\u2019ose entreprendre, j\u2019ose aimer, j\u2019ose m\u2019aimer<\/span><\/em>.\u00a0\u00bb<\/span><\/strong><\/span><\/div>\n<div><\/div>\n<p style=\"text-align: center;\"><span style=\"font-family: georgia, palatino, serif; color: #808080;\"><strong><span style=\"font-size: 14pt;\"><span style=\"font-size: 12pt;\">Val\u00e9rie MACREZ<br \/>\n<span style=\"font-size: 14pt;\">&#8211; Emoc\u00e9enne, 2021<\/span><br \/>\n<\/span><\/span><\/strong><\/span><\/p>\n<p style=\"text-align: center;\"><span style=\"font-family: georgia, palatino, serif; color: #808080;\"><strong><span style=\"font-size: 12pt;\">\u00ab\u00a0<em>Gilles m&rsquo;a rappel\u00e9 combien le d\u00e9sir est un moteur de vie, que se questionner sur ses d\u00e9sirs de vie, c&rsquo;est comme renouer \u00e0 notre \u00e9lan le plus profond. Cette \u00e9lan, une fois lanc\u00e9, rencontre des freins sous la forme d&rsquo;\u00e9motions d\u00e9sagr\u00e9ables \u00e0 traverser. Une fois travers\u00e9es, vient le temps de sentir le plaisir de la r\u00e9ussite \u00e9motionnelle, une sensation int\u00e9rieure de croissance. J&rsquo;aime ce point de vue positif que dans notre mission de vie se niche le carburant du h\u00e9ro que nous sommes et qu&rsquo;\u00e0 partir de l\u00e0 tout est possible<\/em> !\u00a0\u00bb \u00a0<\/span><\/strong><\/span><\/p>\n<\/div><\/section><\/div><div class=\"flex_column av_one_third  flex_column_div av-zero-column-padding   avia-builder-el-2  el_after_av_two_third  avia-builder-el-last  \" style='border-radius:0px; '><section class=\"av_textblock_section \"  itemscope=\"itemscope\" itemtype=\"https:\/\/schema.org\/CreativeWork\" ><div class='avia_textblock  '   itemprop=\"text\" ><h4 style=\"text-align: center;\"><span style=\"font-size: 14pt; font-family: helvetica, arial, sans-serif; color: #808080;\"><strong>Prochaine Journ\u00e9e Corps &amp; Pr\u00e9sence :<\/strong><\/span><\/h4>\n<h3 style=\"text-align: center;\"><span style=\"font-family: helvetica, arial, sans-serif;\">Habiter le corps <\/span><br \/>\n<span style=\"font-family: helvetica, arial, sans-serif;\">\u2013 Un jour pour \u00eatre soi, autrement<\/span><\/h3>\n<p style=\"text-align: center;\"><span style=\"font-size: 14pt; font-family: helvetica, arial, sans-serif; color: #808080;\">\u00a0Dimanche 5 avril 2026<\/span><\/p>\n<p style=\"text-align: center;\"><span style=\"color: #808080; font-family: helvetica, arial, sans-serif;\"><a style=\"color: #808080;\" href=\"https:\/\/www.billetweb.fr\/habiter-le-corps-un-jour-pour-etre-soi-autrement1\">M&rsquo;INSCRIRE<\/a><\/span><br \/>\n<span style=\"font-size: 10pt;\"><br \/>\n<\/span><\/p>\n<hr \/>\n<p style=\"text-align: center;\"><span style=\"font-size: 10pt;\">Pour en savoir plus sur les formations :<br \/>\n<em><a href=\"https:\/\/www.odysseemotion.com\/web\/formations\/\"><strong>odysseemotion<\/strong><\/a><\/em><\/span><\/p>\n<hr \/>\n<p style=\"text-align: center;\"><span style=\"font-size: 10pt;\"><a href=\"https:\/\/www.amazon.fr\/Comment-cultiver-son-intelligence-%C3%A9motionnelle\/dp\/203591857X\/ref=sr_1_1?s=books&amp;ie=UTF8&amp;qid=1474732994&amp;sr=1-1&amp;keywords=corcos+gilles\">Acheter le livre<\/a><\/span><\/p>\n<p><span style=\"font-size: 10pt;\"><a href=\"https:\/\/www.odysseemotion.com\/web\/soireedecouverte\/attachment\/comment-cultiver-son-ie\/\" rel=\"attachment wp-att-3866\"><img loading=\"lazy\" class=\"size-full wp-image-3866 aligncenter\" src=\"https:\/\/www.odysseemotion.com\/web\/wp-content\/uploads\/2016\/10\/Comment-cultiver-son-IE.jpg\" alt=\"\" width=\"180\" height=\"279\" \/><\/a><\/span><\/p>\n<\/div><\/section><\/div><\/p>\n","protected":false},"excerpt":{"rendered":"<p>Vous vous sentez dispers\u00e9, divis\u00e9, perdu dans ce que vous traversez dans votre vie ?\u00a0<br \/>\nC&rsquo;est naturel car &#8230;<\/p>\n","protected":false},"author":1,"featured_media":0,"parent":0,"menu_order":0,"comment_status":"closed","ping_status":"closed","template":"","meta":[],"_links":{"self":[{"href":"https:\/\/www.odysseemotion.com\/web\/wp-json\/wp\/v2\/pages\/2574"}],"collection":[{"href":"https:\/\/www.odysseemotion.com\/web\/wp-json\/wp\/v2\/pages"}],"about":[{"href":"https:\/\/www.odysseemotion.com\/web\/wp-json\/wp\/v2\/types\/page"}],"author":[{"embeddable":true,"href":"https:\/\/www.odysseemotion.com\/web\/wp-json\/wp\/v2\/users\/1"}],"replies":[{"embeddable":true,"href":"https:\/\/www.odysseemotion.com\/web\/wp-json\/wp\/v2\/comments?post=2574"}],"version-history":[{"count":352,"href":"https:\/\/www.odysseemotion.com\/web\/wp-json\/wp\/v2\/pages\/2574\/revisions"}],"predecessor-version":[{"id":17289,"href":"https:\/\/www.odysseemotion.com\/web\/wp-json\/wp\/v2\/pages\/2574\/revisions\/17289"}],"wp:attachment":[{"href":"https:\/\/www.odysseemotion.com\/web\/wp-json\/wp\/v2\/media?parent=2574"}],"curies":[{"name":"wp","href":"https:\/\/api.w.org\/{rel}","templated":true}]}}