{"id":2566,"date":"2016-10-14T19:24:25","date_gmt":"2016-10-14T18:24:25","guid":{"rendered":"http:\/\/www.odysseemotion.com\/web\/?page_id=2566"},"modified":"2022-03-14T14:50:46","modified_gmt":"2022-03-14T13:50:46","slug":"ouvrage-developpez-vos-competences-emotionnelles","status":"publish","type":"page","link":"https:\/\/www.odysseemotion.com\/web\/ouvrage-developpez-vos-competences-emotionnelles\/","title":{"rendered":"Ouvrage : D\u00e9veloppez vos comp\u00e9tences \u00e9motionnelles"},"content":{"rendered":"<div class=\"field field-name-hw-livre-collections field-type-taxonomy-term-reference field-label-inline clearfix clearfix\">\n<div class=\"field-items\">\n<div class=\"field-item even\">Parution : 24\/08\/2016<\/div>\n<\/div>\n<\/div>\n<div class=\"group-colonne3 field-group-div\">\n<div class=\"form-item form-type-item form-group\">\n<div class=\"field field-name-hw-livre-format clearfix\">\n<div class=\"field-label\">Format : 125 x 192 mm<\/div>\n<\/div>\n<\/div>\n<\/div>\n<div class=\"group-colonne4 field-group-div\">\n<div class=\"field field-name-hw-livre-ean field-type-text field-label-inline clearfix clearfix\">\n<div class=\"field-label\">EAN : \u00a09782035918574<\/div>\n<\/div>\n<div class=\"field field-name-hw-livre-ean-num field-type-text field-label-inline clearfix clearfix\">\n<div class=\"field-label\">EAN num\u00e9rique: 9782035918581<\/div>\n<\/div>\n<div class=\"field field-name-hw-livre-nb-pages field-type-number-integer field-label-inline clearfix clearfix\">\n<div class=\"field-label\">Pages : 256 pages<\/div>\n<\/div>\n<\/div>\n<p><strong>RESUME\u00a0<\/strong><\/p>\n<p>L\u2019intelligence \u00e9motionnelle qui se d\u00e9veloppe tout au long de la vie au quotidien est un atout essentiel pour r\u00e9ussir dans la vie professionnelle et sociale et pour vivre mieux.<\/p>\n<header class=\"f-productLayer__header\">\n<div class=\"f-productLayer__container\">\n<h3 class=\"f-productLayer__title js-async-layerTitle \"><span style=\"font-size: 12pt;\"><span class=\"f-productLayer__titleLabel\">AVIS\u00a0<\/span><\/span><\/h3>\n<\/div>\n<\/header>\n<div id=\"ShowFnacOpinionContent\" class=\"f-productLayer__body\">\n<div class=\"f-productLayer__container\" data-automation-id=\"ShowFnacOpinionContent-block\">\n<div class=\"js-Expander expander expander--hasIcon\" data-automation-button=\"expand-ShowFnacOpinionContent-button\" data-automation-content=\"expand-ShowFnacOpinionContent\">\n<div class=\"expander__content\" data-automation-id=\"expand-ShowFnacOpinionContent\">\n<div class=\"f-productDesc\">\n<div class=\"f-productDesc__raw\">D\u00e9couverte des fondamentaux de l&rsquo;intelligence \u00e9motionnelle avec des connaissances th\u00e9oriques et des exercices pratiques pour pouvoir exprimer ses \u00e9motions tout en restant soi-m\u00eame. En fin de chapitre un programme d&rsquo;entra\u00eenement permet de faire le point et se perfectionner.<\/div>\n<\/div>\n<\/div>\n<\/div>\n<\/div>\n<\/div>\n<p><a href=\"https:\/\/www.editions-larousse.fr\/livre\/comment-cultiver-son-intelligence-emotionnelle-9782035918574\">Acheter le livre\u00a0<\/a><\/p>\n","protected":false},"excerpt":{"rendered":"<p>Parution : 24\/08\/2016 Format : 125 x 192 mm EAN : \u00a09782035918574 EAN num\u00e9rique: 9782035918581 Pages : 256 pages RESUME\u00a0 L\u2019intelligence \u00e9motionnelle qui se d\u00e9veloppe tout au long de la vie au quotidien est un atout essentiel pour r\u00e9ussir dans la vie professionnelle et sociale et pour vivre mieux. AVIS\u00a0 D\u00e9couverte des fondamentaux de l&rsquo;intelligence [&hellip;]<\/p>\n","protected":false},"author":1,"featured_media":0,"parent":0,"menu_order":0,"comment_status":"closed","ping_status":"closed","template":"","meta":[],"_links":{"self":[{"href":"https:\/\/www.odysseemotion.com\/web\/wp-json\/wp\/v2\/pages\/2566"}],"collection":[{"href":"https:\/\/www.odysseemotion.com\/web\/wp-json\/wp\/v2\/pages"}],"about":[{"href":"https:\/\/www.odysseemotion.com\/web\/wp-json\/wp\/v2\/types\/page"}],"author":[{"embeddable":true,"href":"https:\/\/www.odysseemotion.com\/web\/wp-json\/wp\/v2\/users\/1"}],"replies":[{"embeddable":true,"href":"https:\/\/www.odysseemotion.com\/web\/wp-json\/wp\/v2\/comments?post=2566"}],"version-history":[{"count":4,"href":"https:\/\/www.odysseemotion.com\/web\/wp-json\/wp\/v2\/pages\/2566\/revisions"}],"predecessor-version":[{"id":6369,"href":"https:\/\/www.odysseemotion.com\/web\/wp-json\/wp\/v2\/pages\/2566\/revisions\/6369"}],"wp:attachment":[{"href":"https:\/\/www.odysseemotion.com\/web\/wp-json\/wp\/v2\/media?parent=2566"}],"curies":[{"name":"wp","href":"https:\/\/api.w.org\/{rel}","templated":true}]}}