{"id":2485,"date":"2015-04-30T17:00:52","date_gmt":"2015-04-30T16:00:52","guid":{"rendered":"http:\/\/www.odysseemotion.com\/web\/?page_id=2485"},"modified":"2015-04-30T17:00:52","modified_gmt":"2015-04-30T16:00:52","slug":"fondamentaux-de-lie","status":"publish","type":"page","link":"https:\/\/www.odysseemotion.com\/web\/fondamentaux-de-lie\/","title":{"rendered":"Fondamentaux de l&rsquo;IE"},"content":{"rendered":"<h2 style=\"text-align: left;\"><strong>IE Training<\/strong><\/h2>\n<h3 style=\"text-align: right;\"><em><strong>Dur\u00e9e : 3 jours<\/strong><\/em><\/h3>\n<p>&nbsp;<\/p>\n<p><strong>\u00a0<\/strong>Les \u00e9motions sont au c\u0153ur de notre activit\u00e9, de nos relations et de notre vie. Indicateurs de la qualit\u00e9 de notre univers int\u00e9rieur, elles nous permettent de retrouver notre nature profonde. Percevoir et respecter nos \u00e9motions nous permet d\u2019avoir une activit\u00e9 moins fatigante, moins stressante et de r\u00e9duire les risques \u00ab\u00a0psycho-sociaux\u00a0\u00bb. Acc\u00e9der \u00e0 notre espace int\u00e9rieur un meilleur \u00e9quilibre de vie.<br \/>\nDepuis 2004, notre p\u00e9dagogie \u00e9motionnelle \u00e9volue pour vous amener l\u2019essentiel. Pendant le d\u00e9roulement du training, vous vous apercevez que votre regard sur le monde change aussi. Ce module est principalement orient\u00e9 sur vous et vos qualit\u00e9s personnelles. Il est compl\u00e9t\u00e9 par \u00ab\u00a0<em>Praticien en Intelligence Emotionnelle<\/em>\u00bb qui mobilise vos comp\u00e9tences relationnelles.<\/p>\n<p>&nbsp;<\/p>\n<h2><strong><em>Public :<\/em><\/strong><\/h2>\n<ul>\n<li>Toute personne qui souhaite \u00eatre plus pr\u00e9sente dans son activit\u00e9 et ses relations<\/li>\n<li>Organisations qui aspirent \u00e0 am\u00e9liorer les relations internes et \u00e0 r\u00e9duire les tensions<\/li>\n<\/ul>\n<p>&nbsp;<\/p>\n<h2><em><strong>Objectifs<\/strong><\/em><\/h2>\n<ul>\n<li>Mieux se conna\u00eetre pour \u00eatre plus proche de soi<\/li>\n<li>Se reconnecter \u00e0 ses \u00e9motions pour mieux les exprimer<\/li>\n<li>Prendre conscience de ses \u00e9motions et augmenter l\u2019impact de ses communications<\/li>\n<li>Etre plus spontan\u00e9 et plus pr\u00e9sent dans son activit\u00e9 et sa vie personnelle<\/li>\n<li>Etre moins vuln\u00e9rable aux tensions et au stress professionnel, collectif et social<\/li>\n<li>Aborder la vie avec plus de s\u00e9r\u00e9nit\u00e9 et d&rsquo;enthousiasme<\/li>\n<\/ul>\n<h2><\/h2>\n<h2><em><strong>Intervenant<\/strong><\/em><\/h2>\n<p>Depuis 2003, Gilles Corcos est un acteur important de l\u2019Intelligence Emotionnelle (IE). Il participe activement aux \u00e9volutions et applications de l\u2019IE dans les domaines de l\u2019\u00e9ducation, de la sant\u00e9 et des affaires. Il est l\u2019auteur de l\u2019ouvrage \u00ab\u00a0D\u00e9veloppez vos comp\u00e9tences \u00e9motionnelles\u00a0\u00bb. Les applications s\u2019adressent autant \u00e0 la croissance des organisations qu\u2019\u00e0 celle des individus.<\/p>\n<p>&nbsp;<\/p>\n<h2><strong>Exemples de situations<\/strong><\/h2>\n<p>Bastien ne supporte pas la violence de sa femme et d\u00e9cide de se s\u00e9parer d\u2019elle. Il ne sait pas qu\u2019en exprimant ses sentiments \u00e0 chaque situation difficile il aurait pu \u00e9viter la rupture.<\/p>\n<p>Depuis un an, Isabelle ne peut s\u2019emp\u00eacher de critiquer son co\u00e9quipier Alain qui r\u00e9agit lors des r\u00e9unions. Elle ne se rend pas compte qu\u2019en lui exprimant son besoin de reconnaissance, sa relation aurait \u00e9t\u00e9 plus d\u00e9tendue.<\/p>\n<p>&nbsp;<\/p>\n<h2><strong><em>T\u00e9moignages\u00a0:<\/em><\/strong><\/h2>\n<p><em>\u00ab\u00a0\u2026En tant que Directeur G\u00e9n\u00e9ral, j&rsquo;ai pu constater qu&rsquo;au moment o\u00f9 tout les process sont\u2026 optimis\u00e9s, la ma\u00eetrise de ce facteur relationnel, tant en termes d&rsquo;image que de performance pourrait constituer un gain substantiel \u2026 sentir et savoir seront d\u00e9sormais les composantes sur lesquelles j&rsquo;appuierai mes futures actions.\u00a0\u00bb <\/em>Fr\u00e9d\u00e9ric E.<\/p>\n<p>&nbsp;<\/p>\n<p><strong><em><br \/>\n<\/em><\/strong><\/p>\n","protected":false},"excerpt":{"rendered":"<p>IE Training Dur\u00e9e : 3 jours &nbsp; \u00a0Les \u00e9motions sont au c\u0153ur de notre activit\u00e9, de nos relations et de notre vie. Indicateurs de la qualit\u00e9 de notre univers int\u00e9rieur, elles nous permettent de retrouver notre nature profonde. Percevoir et respecter nos \u00e9motions nous permet d\u2019avoir une activit\u00e9 moins fatigante, moins stressante et de r\u00e9duire [&hellip;]<\/p>\n","protected":false},"author":1,"featured_media":0,"parent":0,"menu_order":0,"comment_status":"open","ping_status":"open","template":"","meta":[],"_links":{"self":[{"href":"https:\/\/www.odysseemotion.com\/web\/wp-json\/wp\/v2\/pages\/2485"}],"collection":[{"href":"https:\/\/www.odysseemotion.com\/web\/wp-json\/wp\/v2\/pages"}],"about":[{"href":"https:\/\/www.odysseemotion.com\/web\/wp-json\/wp\/v2\/types\/page"}],"author":[{"embeddable":true,"href":"https:\/\/www.odysseemotion.com\/web\/wp-json\/wp\/v2\/users\/1"}],"replies":[{"embeddable":true,"href":"https:\/\/www.odysseemotion.com\/web\/wp-json\/wp\/v2\/comments?post=2485"}],"version-history":[{"count":0,"href":"https:\/\/www.odysseemotion.com\/web\/wp-json\/wp\/v2\/pages\/2485\/revisions"}],"wp:attachment":[{"href":"https:\/\/www.odysseemotion.com\/web\/wp-json\/wp\/v2\/media?parent=2485"}],"curies":[{"name":"wp","href":"https:\/\/api.w.org\/{rel}","templated":true}]}}