{"id":2388,"date":"2014-06-23T17:56:30","date_gmt":"2014-06-23T16:56:30","guid":{"rendered":"http:\/\/www.odysseemotion.com\/web\/?page_id=2388"},"modified":"2017-01-31T09:59:26","modified_gmt":"2017-01-31T08:59:26","slug":"les-ressources","status":"publish","type":"page","link":"https:\/\/www.odysseemotion.com\/web\/les-ressources\/","title":{"rendered":"Les ressources"},"content":{"rendered":"<h2>Les blogs<\/h2>\n<p><a class=\"H3\" style=\"font-weight: bold; color: #3f3f3f;\" title=\"cliquez ici\" href=\"http:\/\/emotion-ie.blogspot.com\/\" target=\"_blank\">http:\/\/emotion-ie.blogspot.com<\/a><\/p>\n<h2>Les DVDs : conf\u00e9rences de Gilles Corcos<\/h2>\n<p>\u00ab D\u00e9velopper nos comp\u00e9tences \u00e9motionnelles \u00bb 2010<br \/>\n\u00ab Construire nos relations \u00e0 partir de nos \u00e9motions\u00bb 2010<br \/>\n\u00ab Accompagner nos clients, collaborateurs\u2026\u00bb 2010<br \/>\n\u00ab Construire une vision et la mettre au service des autres\u00bb 2010<br \/>\n\u00ab Pourquoi \u00eatre conscients de ses \u00e9motions \u00bb septembre 2011<br \/>\n\u00ab Etre pleinement pr\u00e9sent dans notre quotidien \u00bb novembre 2011<br \/>\n\u00ab L&rsquo;IE \u00e0 l&rsquo;\u00e9cole\u00bb de V\u00e9ronique Garas, d\u00e9cembre 2011<br \/>\n\u00ab Comment construire des relations vivantes ? \u00bb janvier 2012<\/p>\n<p><a href=\"https:\/\/www.odysseemotion.com\/web\/contact\/\">Envoyez-nous un email si vous souhaitez vous procurer les DVDs<\/a><\/p>\n<h2>Les livres s\u00e9lectionn\u00e9s<\/h2>\n<p>Gilles Corcos &#8211; <em>D\u00e9veloppez vos comp\u00e9tences \u00e9motionnelles<\/em> &#8211; Eyrolles<br \/>\nDaniel Goleman &#8211; <em>L&rsquo;intelligence \u00e9motionnelle 2T<\/em> &#8211; J&rsquo;ai lu<br \/>\nMcKee Boyatzis et Johnston &#8211; <em>D\u00e9veloppez votre charisme par l&rsquo;intelligence \u00e9motionnelle<\/em> &#8211; ESF<br \/>\nDaniel Durand &#8211; <em>La Syst\u00e9mique<\/em> &#8211; Que sais-je<br \/>\nMashall Rosenberg &#8211; <em>Les mots sont des fen\u00eatres<\/em> &#8211; La d\u00e9couverte<br \/>\nJo\u00ebl de Rosnay &#8211; <em>Le macroscope<\/em> &#8211; Point<br \/>\nLynne McTaggart &#8211; <em>La science de l&rsquo;intention<\/em> &#8211; Ariane<br \/>\nEug\u00e8ne Gendlin Focusing \u2013 <em>Au centre de soi<\/em> &#8211; Ed de l&rsquo;homme<br \/>\nHoward Gardner &#8211; <em>Les intelligences Multiples<\/em> &#8211; Retz<br \/>\nFran\u00e7ois Delivr\u00e9 &#8211; <em>Le m\u00e9tier de coach<\/em> &#8211; E O<br \/>\nRobert Fisher &#8211; <em>Le chevalier \u00e0 l&rsquo;armure rouill\u00e9e<\/em> &#8211; Ambre<br \/>\nJacques Salom\u00e9 &#8211; <em>Et si nous inventions notre vie<\/em> &#8211; Pocket<br \/>\nPaulo Coelho &#8211; <em>L&rsquo;Alchimiste<\/em> &#8211; J&rsquo;ai lu<br \/>\nAntonio Damasio &#8211; <em>L&rsquo;erreur de Descarte. La raison des \u00e9motions<\/em> &#8211; Odile Jacob<br \/>\nLuc Nicon &#8211; <em>Comprendre ses \u00e9motions<\/em> &#8211; Emotion Forte<br \/>\nRichard C Schwartz &#8211; <em>Syst\u00e8me Familiale Int\u00e9rieur<\/em> &#8211; Elsevier<br \/>\nAbraham Maslow &#8211; <em>Vers une psychologie de l&rsquo;\u00eatre<\/em> &#8211; Fayard<br \/>\nCarl Rogers &#8211; <em>Le d\u00e9veloppement de la personne<\/em> &#8211; Dunod<br \/>\nEdgar Morin &#8211; <em>La M\u00e9thode \u2013 6 tomes<\/em> Seuil<br \/>\nChristophe Andr\u00e9 &#8211; <em>Les \u00e9tats d&rsquo;\u00e2me, un apprentissage de la s\u00e9r\u00e9nit\u00e9<\/em> &#8211; Odile Jacob<br \/>\nClaude Steiner &#8211; <em>L&rsquo;ABC des \u00e9motions<\/em> &#8211; InterEdition<br \/>\nJon Kabat-zinn &#8211; <em>O\u00f9 tu vas-tu es<\/em> &#8211; J&rsquo;ai lu<br \/>\nRoberto Assagioli &#8211; <em>Psychosynth\u00e8se<\/em> &#8211; DDB<br \/>\nKrishnamurti &#8211; <em>Le sens du bonheur<\/em> &#8211; Stock<br \/>\nRhonda Byrne &#8211; <em>Le Secret<\/em> &#8211; Un monde diff\u00e9rent<br \/>\nThomas Samuel Kuhn &#8211; <em>La structure des r\u00e9volutions scientifiques<\/em> &#8211; Flamarion<br \/>\nDominique G\u00e9nelot &#8211; <em>Manager dans la complexit\u00e9<\/em> &#8211; Insep<br \/>\nEdward T Hall &#8211; <em>La dimension cach\u00e9e<\/em> &#8211; Seuil<\/p>\n<h2>Les films s\u00e9lectionn\u00e9s<\/h2>\n<table id=\"table_border\" border=\"1\" width=\"574\" cellspacing=\"0\" cellpadding=\"0\" align=\"left\">\n<tbody>\n<tr>\n<td valign=\"top\" width=\"187\"><\/td>\n<td align=\"center\" valign=\"middle\" width=\"113\"><strong>Film de <\/strong><\/td>\n<td align=\"center\" valign=\"middle\" width=\"217\"><strong>avec <\/strong><\/td>\n<td align=\"center\" valign=\"middle\" width=\"57\"><strong>date <\/strong><\/td>\n<\/tr>\n<tr>\n<td valign=\"top\" width=\"187\"><a class=\"H2\" href=\"http:\/\/www.senscritique.com\/film\/Little_Big_Man\/466175\" target=\"_blank\">Little Big Man<\/a><\/td>\n<td valign=\"top\" width=\"113\"><a class=\"H2\" href=\"http:\/\/www.senscritique.com\/contact\/Arthur_Penn\/3328\" target=\"_new\">Arthur Penn<\/a><\/td>\n<td valign=\"top\" width=\"217\"><a class=\"H2\" href=\"http:\/\/www.senscritique.com\/contact\/Dustin_Hoffman\/164\" target=\"_blank\">Dustin Hoffman<\/a>, <a class=\"H2\" href=\"http:\/\/www.senscritique.com\/contact\/Faye_Dunaway\/7201\" target=\"_blank\">Faye Dunaway<\/a>, <a class=\"H2\" href=\"http:\/\/www.senscritique.com\/contact\/Martin_Balsam\/3627\" target=\"_blank\">Martin Balsam<\/a>&#8230;<\/td>\n<td align=\"left\" valign=\"top\" width=\"57\">1970<\/td>\n<\/tr>\n<tr>\n<td valign=\"top\" width=\"187\"><a class=\"H2\" href=\"http:\/\/www.senscritique.com\/film\/Le_Labyrinthe_de_Pan\/381164\" target=\"_blank\">Le Labyrinthe de Pan<\/a><\/td>\n<td valign=\"top\" width=\"113\"><a class=\"H2\" href=\"http:\/\/www.senscritique.com\/contact\/Guillermo_Del_Toro\/31882\" target=\"_blank\">Guillermo Del Toro<\/a><\/td>\n<td valign=\"top\" width=\"217\"><a class=\"H2\" href=\"http:\/\/www.senscritique.com\/contact\/Ivana_Baquero\/87061\" target=\"_blank\">Ivana Baquero<\/a>, <a class=\"H2\" href=\"http:\/\/www.senscritique.com\/contact\/Doug_Jones\/58525\" target=\"_blank\">Doug Jones<\/a>, <a class=\"H2\" href=\"http:\/\/www.senscritique.com\/contact\/Ariadna_Gil\/29675\" target=\"_blank\">Ariadna Gil<\/a>&#8230;<\/td>\n<td align=\"left\" valign=\"top\" width=\"57\">2006<\/td>\n<\/tr>\n<tr>\n<td valign=\"top\" width=\"187\">HER<\/td>\n<td valign=\"top\" width=\"113\">Spike JONZE<\/td>\n<td valign=\"top\" width=\"217\">Joaquin Pheonix, Amy Adams, Rooney Mara<\/td>\n<td align=\"left\" valign=\"top\" width=\"57\">2014<\/td>\n<\/tr>\n<tr>\n<td valign=\"top\" width=\"187\"><a class=\"H2\" href=\"http:\/\/www.senscritique.com\/film\/Le_Nouveau_Monde\/485240\" target=\"_blank\">Le Nouveau Monde<\/a><\/td>\n<td valign=\"top\" width=\"113\"><a class=\"H2\" href=\"http:\/\/www.senscritique.com\/contact\/Terrence_Malick\/24077\" target=\"_blank\">Terrence Malick<\/a><\/td>\n<td valign=\"top\" width=\"217\"><a class=\"H2\" href=\"http:\/\/www.senscritique.com\/contact\/Colin_Farrell\/25222\" target=\"_blank\">Colin Farrell<\/a>, <a class=\"H2\" href=\"http:\/\/www.senscritique.com\/contact\/Christian_Bale\/15716\" target=\"_blank\">Christian Bale<\/a><br \/>\n<a class=\"H2\" href=\"http:\/\/www.senscritique.com\/contact\/Q_orianka_Kilcher\/85040\" target=\"_blank\">Q&rsquo;orianka Kilcher<\/a><\/td>\n<td align=\"left\" valign=\"top\" width=\"57\">2005<\/td>\n<\/tr>\n<tr>\n<td valign=\"top\" width=\"187\">Au del\u00e0 de nos R\u00eaves<\/td>\n<td valign=\"top\" width=\"113\">Vincent Ward<\/td>\n<td valign=\"top\" width=\"217\">Robin Williams, Max von Sydow<\/td>\n<td align=\"left\" valign=\"top\" width=\"57\">1998<\/td>\n<\/tr>\n<tr>\n<td valign=\"top\" width=\"187\">Rencontre avec Joe Black<\/td>\n<td valign=\"top\" width=\"113\">Martin Brest<\/td>\n<td valign=\"top\" width=\"217\">Brad Pitt, Anthony Hopkins<\/td>\n<td align=\"left\" valign=\"top\" width=\"57\">1998<\/td>\n<\/tr>\n<tr>\n<td valign=\"top\" width=\"187\"><a class=\"H2\" href=\"http:\/\/www.senscritique.com\/film\/Le_Voyage_de_Chihiro\/1367079\" target=\"_blank\">Le Voyage de Chihiro<\/a><\/td>\n<td valign=\"top\" width=\"113\"><a class=\"H2\" href=\"http:\/\/www.senscritique.com\/contact\/Hayao_Miyazaki\/31665\" target=\"_blank\">Hayao Miyazaki<\/a><\/td>\n<td valign=\"top\" width=\"217\"><a class=\"H2\" href=\"http:\/\/www.senscritique.com\/contact\/Rumi_Hiiragi\/69348\" target=\"_blank\">Rumi Hiiragi<\/a>, <a class=\"H2\" href=\"http:\/\/www.senscritique.com\/contact\/Miyu_Irino\/69349\" target=\"_blank\">Miyu Irino<\/a>, <a class=\"H2\" href=\"http:\/\/www.senscritique.com\/contact\/Takeshi_Naitou\/69350\" target=\"_blank\">Takeshi Naitou<\/a>&#8230;<\/td>\n<td align=\"left\" valign=\"top\" width=\"57\">2001<\/td>\n<\/tr>\n<tr>\n<td valign=\"top\" width=\"187\">Jonathan Livingstone \u00ab\u00a0le Go\u00e9land\u00a0\u00bb<\/td>\n<td valign=\"top\" width=\"113\">Hall Barlett<\/td>\n<td valign=\"top\" width=\"217\">James Franciscus, Juliet Mills<\/td>\n<td align=\"left\" valign=\"top\" width=\"57\">1975<\/td>\n<\/tr>\n<tr>\n<td valign=\"top\" width=\"187\">Le Cercle des po\u00ebtes disparus<\/td>\n<td valign=\"top\" width=\"113\">Peter Weir<\/td>\n<td valign=\"top\" width=\"217\">Robin Williams, Ethan Hawke<\/td>\n<td align=\"left\" valign=\"top\" width=\"57\">1989<\/td>\n<\/tr>\n<tr>\n<td valign=\"top\" width=\"187\">Forest gump<\/td>\n<td valign=\"top\" width=\"113\">Robert Zemeckis<\/td>\n<td valign=\"top\" width=\"217\">Tom Hanks, Gary Sinise<\/td>\n<td align=\"left\" valign=\"top\" width=\"57\">1994<\/td>\n<\/tr>\n<tr>\n<td valign=\"top\" width=\"187\">M A T R I X<\/td>\n<td valign=\"top\" width=\"113\">Lana Wachowski, Andy Wachowski<\/td>\n<td valign=\"top\" width=\"217\">Keanu Reeves, Laurence Fishburne<\/td>\n<td align=\"left\" valign=\"top\" width=\"57\">1999<\/td>\n<\/tr>\n<tr>\n<td valign=\"top\" width=\"187\">Le nom de la Rose<\/td>\n<td valign=\"top\" width=\"113\">Jean-Jacques Annaud<\/td>\n<td valign=\"top\" width=\"217\">Sean Connery, Christian Slater<\/td>\n<td align=\"left\" valign=\"top\" width=\"57\">1986<\/td>\n<\/tr>\n<tr>\n<td valign=\"top\" width=\"187\">Le 5\u00e8me \u00e9l\u00e9ment<\/td>\n<td valign=\"top\" width=\"113\">Luc Besson<\/td>\n<td valign=\"top\" width=\"217\">Bruce Willis, Gary Oldman<\/td>\n<td align=\"left\" valign=\"top\" width=\"57\">1997<\/td>\n<\/tr>\n<tr>\n<td valign=\"top\" width=\"187\">Captain Fantastic<\/td>\n<td valign=\"top\" width=\"113\">Matt Ross<\/td>\n<td valign=\"top\" width=\"217\">Vigo Mortensen, Frank Langella<\/td>\n<td align=\"left\" valign=\"top\" width=\"57\">2016<\/td>\n<\/tr>\n<\/tbody>\n<\/table>\n","protected":false},"excerpt":{"rendered":"<p>Les blogs http:\/\/emotion-ie.blogspot.com Les DVDs : conf\u00e9rences de Gilles Corcos \u00ab D\u00e9velopper nos comp\u00e9tences \u00e9motionnelles \u00bb 2010 \u00ab Construire nos relations \u00e0 partir de nos \u00e9motions\u00bb 2010 \u00ab Accompagner nos clients, collaborateurs\u2026\u00bb 2010 \u00ab Construire une vision et la mettre au service des autres\u00bb 2010 \u00ab Pourquoi \u00eatre conscients de ses \u00e9motions \u00bb septembre 2011 [&hellip;]<\/p>\n","protected":false},"author":1,"featured_media":0,"parent":0,"menu_order":0,"comment_status":"open","ping_status":"open","template":"","meta":[],"_links":{"self":[{"href":"https:\/\/www.odysseemotion.com\/web\/wp-json\/wp\/v2\/pages\/2388"}],"collection":[{"href":"https:\/\/www.odysseemotion.com\/web\/wp-json\/wp\/v2\/pages"}],"about":[{"href":"https:\/\/www.odysseemotion.com\/web\/wp-json\/wp\/v2\/types\/page"}],"author":[{"embeddable":true,"href":"https:\/\/www.odysseemotion.com\/web\/wp-json\/wp\/v2\/users\/1"}],"replies":[{"embeddable":true,"href":"https:\/\/www.odysseemotion.com\/web\/wp-json\/wp\/v2\/comments?post=2388"}],"version-history":[{"count":1,"href":"https:\/\/www.odysseemotion.com\/web\/wp-json\/wp\/v2\/pages\/2388\/revisions"}],"predecessor-version":[{"id":3759,"href":"https:\/\/www.odysseemotion.com\/web\/wp-json\/wp\/v2\/pages\/2388\/revisions\/3759"}],"wp:attachment":[{"href":"https:\/\/www.odysseemotion.com\/web\/wp-json\/wp\/v2\/media?parent=2388"}],"curies":[{"name":"wp","href":"https:\/\/api.w.org\/{rel}","templated":true}]}}