{"id":2071,"date":"2014-04-23T15:08:29","date_gmt":"2014-04-23T14:08:29","guid":{"rendered":"http:\/\/www.odysseemotion.com\/web\/?page_id=2071"},"modified":"2025-12-14T21:03:30","modified_gmt":"2025-12-14T20:03:30","slug":"odyssee-motion","status":"publish","type":"page","link":"https:\/\/www.odysseemotion.com\/web\/odyssee-motion\/","title":{"rendered":"Odyssee Motion"},"content":{"rendered":"<div class=\"flex_column av_one_half  flex_column_div av-zero-column-padding first  avia-builder-el-0  el_before_av_one_half  avia-builder-el-first  \" style='border-radius:0px; '><section class=\"av_textblock_section \"  itemscope=\"itemscope\" itemtype=\"https:\/\/schema.org\/CreativeWork\" ><div class='avia_textblock  '   itemprop=\"text\" ><h2><strong>Pr\u00e9sentation<\/strong><\/h2>\n<p data-start=\"611\" data-end=\"691\"><strong data-start=\"611\" data-end=\"689\">Odyss\u00e9e Motion est un espace d\u2019exploration et de transformation de l\u2019\u00eatre.<\/strong><\/p>\n<p data-start=\"698\" data-end=\"877\">Depuis 2003, ce lieu accompagne des femmes et des hommes, en individuel, en groupe et en entreprise, \u00e0 d\u00e9velopper une relation plus consciente \u00e0 eux-m\u00eames, aux autres et au monde.<\/p>\n<p data-start=\"884\" data-end=\"1167\">\u00c0 l\u2019origine centr\u00e9e sur l\u2019intelligence \u00e9motionnelle, l\u2019approche d\u2019Odyss\u00e9e Motion s\u2019est progressivement approfondie pour devenir aujourd\u2019hui un <strong data-start=\"1027\" data-end=\"1057\">accompagnement existentiel<\/strong> :<br data-start=\"1059\" data-end=\"1062\" \/>un chemin o\u00f9 les \u00e9motions ne sont plus seulement comprises, mais <strong data-start=\"1129\" data-end=\"1166\">\u00e9cout\u00e9es, travers\u00e9es et int\u00e9gr\u00e9es<\/strong>.<\/p>\n<p data-start=\"1174\" data-end=\"1351\">L\u2019intelligence \u00e9motionnelle y est envisag\u00e9e non comme une comp\u00e9tence \u00e0 optimiser, mais comme une <strong data-start=\"1271\" data-end=\"1350\">porte d\u2019entr\u00e9e vers la pr\u00e9sence, la responsabilit\u00e9 et la libert\u00e9 int\u00e9rieure<\/strong>.<\/p>\n<p data-start=\"1358\" data-end=\"1503\">Odyss\u00e9e Motion propose des espaces vari\u00e9s :<br data-start=\"1401\" data-end=\"1404\" \/>accompagnements individuels, cercles, Caf\u00e9s IE, journ\u00e9es de training, formations, supervisions.<\/p>\n<p data-start=\"1510\" data-end=\"1644\">Tous ont un point commun :<br data-start=\"1536\" data-end=\"1539\" \/><strong data-start=\"1541\" data-end=\"1643\">offrir un cadre s\u00e9curisant et vivant pour cesser de se r\u00e9parer et commencer \u00e0 s\u2019habiter pleinement<\/strong>.<\/p>\n<p data-start=\"1651\" data-end=\"1809\">Ici, il ne s\u2019agit pas d\u2019aller mieux \u00e0 tout prix,<br data-start=\"1699\" data-end=\"1702\" \/>mais de retrouver sa juste place,<br data-start=\"1737\" data-end=\"1740\" \/>d\u2019oser des choix align\u00e9s<br data-start=\"1766\" data-end=\"1769\" \/>et de vivre des relations plus vraies.<\/p>\n<\/div><\/section><\/div>\n<div class=\"flex_column av_one_half  flex_column_div av-zero-column-padding   avia-builder-el-2  el_after_av_one_half  el_before_av_one_full  \" style='border-radius:0px; '><section class=\"av_textblock_section \"  itemscope=\"itemscope\" itemtype=\"https:\/\/schema.org\/CreativeWork\" ><div class='avia_textblock  '   itemprop=\"text\" ><h2><strong>Nos Valeurs<\/strong><\/h2>\n<p><strong>Libert\u00e9<\/strong><\/p>\n<p data-start=\"381\" data-end=\"524\">Pour nous, la libert\u00e9 ne consiste pas \u00e0 faire ce que l\u2019on veut,<br data-start=\"444\" data-end=\"447\" \/>mais \u00e0 <strong data-start=\"456\" data-end=\"523\">cesser d\u2019\u00eatre gouvern\u00e9 par ce que l\u2019on n\u2019a pas rencontr\u00e9 en soi<\/strong>.<\/p>\n<p data-start=\"531\" data-end=\"660\">\u00catre libre, c\u2019est pouvoir sentir, dire et choisir<br data-start=\"580\" data-end=\"583\" \/>sans \u00eatre prisonnier de la peur, de la culpabilit\u00e9 ou des conditionnements.<\/p>\n<p data-start=\"667\" data-end=\"825\">La libert\u00e9 na\u00eet lorsque l\u2019on int\u00e8gre son histoire,<br data-start=\"717\" data-end=\"720\" \/>que l\u2019on reconna\u00eet ses \u00e9lans comme ses limites,<br data-start=\"769\" data-end=\"772\" \/>et que l\u2019on cesse de lutter contre ce que l\u2019on est.<\/p>\n<p data-start=\"832\" data-end=\"982\">Elle n\u2019est pas un id\u00e9al abstrait,<br data-start=\"865\" data-end=\"868\" \/>mais une <strong data-start=\"879\" data-end=\"901\">exp\u00e9rience vivante<\/strong>,<br data-start=\"902\" data-end=\"905\" \/>qui s\u2019approfondit au fil des prises de conscience<br data-start=\"956\" data-end=\"959\" \/>et des choix assum\u00e9s.<\/p>\n<p><strong>Authenticit\u00e9<\/strong><\/p>\n<p data-start=\"1009\" data-end=\"1055\">L\u2019authenticit\u00e9 commence par la relation \u00e0 soi.<\/p>\n<p data-start=\"1062\" data-end=\"1129\">Elle ne consiste pas \u00e0 tout dire,<br data-start=\"1095\" data-end=\"1098\" \/>mais \u00e0 <strong data-start=\"1107\" data-end=\"1128\">ne plus se mentir<\/strong>.<\/p>\n<p data-start=\"1136\" data-end=\"1344\">Accueillir ses \u00e9motions, \u00e9couter ce qui se vit int\u00e9rieurement,<br data-start=\"1198\" data-end=\"1201\" \/>reconna\u00eetre ses peurs, ses d\u00e9sirs et ses contradictions<br data-start=\"1258\" data-end=\"1261\" \/>permet de rencontrer la r\u00e9alit\u00e9 telle qu\u2019elle est,<br data-start=\"1313\" data-end=\"1316\" \/>sans projection ni masque.<\/p>\n<p data-start=\"1351\" data-end=\"1498\">L\u2019authenticit\u00e9 ouvre un espace de v\u00e9rit\u00e9 dans la relation :<br data-start=\"1410\" data-end=\"1413\" \/>une parole plus juste,<br data-start=\"1437\" data-end=\"1440\" \/>une pr\u00e9sence plus simple,<br data-start=\"1467\" data-end=\"1470\" \/>une rencontre plus r\u00e9elle.<\/p>\n<p data-start=\"1505\" data-end=\"1584\">Elle transforme le jugement en expression,<br data-start=\"1547\" data-end=\"1550\" \/>et la retenue en responsabilit\u00e9.<\/p>\n<p><strong>Egalit\u00e9<\/strong><\/p>\n<p data-start=\"1606\" data-end=\"1695\">Nous partons d\u2019un principe simple :<br data-start=\"1641\" data-end=\"1644\" \/><strong data-start=\"1646\" data-end=\"1694\">la valeur d\u2019un \u00eatre humain ne se n\u00e9gocie pas<\/strong>.<\/p>\n<p data-start=\"1702\" data-end=\"1835\">Toute forme de domination, de violence ou d\u2019abus de pouvoir<br data-start=\"1761\" data-end=\"1764\" \/>na\u00eet de l\u2019illusion qu\u2019un individu pourrait \u00eatre sup\u00e9rieur \u00e0 un autre.<\/p>\n<p data-start=\"1842\" data-end=\"1985\">Reconna\u00eetre l\u2019\u00e9galit\u00e9 fondamentale entre les \u00eatres<br data-start=\"1892\" data-end=\"1895\" \/>ne signifie pas nier les diff\u00e9rences,<br data-start=\"1934\" data-end=\"1937\" \/>mais les accueillir sans hi\u00e9rarchie de valeur.<\/p>\n<p data-start=\"1992\" data-end=\"2121\">De la m\u00eame mani\u00e8re, consid\u00e9rer chaque \u00e9motion,<br data-start=\"2038\" data-end=\"2041\" \/>chaque part de soi, m\u00eame inconfortable,<br data-start=\"2082\" data-end=\"2085\" \/>permet de retrouver son int\u00e9grit\u00e9.<\/p>\n<p data-start=\"2128\" data-end=\"2259\">L\u2019\u00e9galit\u00e9 est ainsi une posture int\u00e9rieure :<br data-start=\"2172\" data-end=\"2175\" \/>une mani\u00e8re de se tenir en relation,<br data-start=\"2213\" data-end=\"2216\" \/>avec respect, responsabilit\u00e9 et humanit\u00e9.<\/p>\n<\/div><\/section><\/div><div class=\"flex_column av_one_full  flex_column_div av-zero-column-padding first  avia-builder-el-4  el_after_av_one_half  avia-builder-el-last  column-top-margin\" style='border-radius:0px; '><section class=\"av_textblock_section \"  itemscope=\"itemscope\" itemtype=\"https:\/\/schema.org\/CreativeWork\" ><div class='avia_textblock  '   itemprop=\"text\" ><h2>Ambition et Vision<\/h2>\n<p><strong>Accompagnement<\/strong><\/p>\n<p data-start=\"450\" data-end=\"515\"><strong data-start=\"450\" data-end=\"515\">Accompagner l\u2019\u00eatre humain au c\u0153ur de la complexit\u00e9 du vivant.<\/strong><\/p>\n<p data-start=\"522\" data-end=\"706\">Nous accompagnons des femmes, des hommes et des collectifs<br data-start=\"580\" data-end=\"583\" \/>qui sentent que les r\u00e9ponses habituelles ne suffisent plus,<br data-start=\"644\" data-end=\"647\" \/>et que quelque chose appelle un d\u00e9placement plus profond.<\/p>\n<p data-start=\"713\" data-end=\"1032\">Notre ambition n\u2019est pas d\u2019optimiser des comportements<br data-start=\"767\" data-end=\"770\" \/>ni d\u2019imposer des mod\u00e8les de fonctionnement.<br data-start=\"815\" data-end=\"818\" \/>Elle est de cr\u00e9er des <strong data-start=\"842\" data-end=\"897\">espaces de pr\u00e9sence, de v\u00e9rit\u00e9 et de responsabilit\u00e9<\/strong>,<br data-start=\"898\" data-end=\"901\" \/>o\u00f9 chacun peut rencontrer ses valeurs, sa juste place<br data-start=\"956\" data-end=\"959\" \/>et la coh\u00e9rence entre ce qu\u2019il est, ce qu\u2019il fait et ce qu\u2019il transmet.<\/p>\n<p data-start=\"1039\" data-end=\"1263\">L\u2019accompagnement que nous proposons repose sur une conviction simple :<br data-start=\"1109\" data-end=\"1112\" \/><strong data-start=\"1114\" data-end=\"1168\">l\u2019\u00e9panouissement et l\u2019efficacit\u00e9 ne s\u2019opposent pas<\/strong><br data-start=\"1168\" data-end=\"1171\" \/>lorsqu\u2019ils prennent racine dans une relation authentique \u00e0 soi,<br data-start=\"1236\" data-end=\"1239\" \/>aux autres et au r\u00e9el.<\/p>\n<p data-start=\"1270\" data-end=\"1488\">Dans un monde de plus en plus complexe, rapide et incertain,<br data-start=\"1330\" data-end=\"1333\" \/>il devient essentiel de savoir \u00e9couter ce qui se vit int\u00e9rieurement,<br data-start=\"1403\" data-end=\"1406\" \/>individuellement et collectivement,<br data-start=\"1443\" data-end=\"1446\" \/>plut\u00f4t que de chercher \u00e0 tout contr\u00f4ler.<\/p>\n<p data-start=\"1495\" data-end=\"1700\">L\u2019intelligence \u00e9motionnelle est ici envisag\u00e9e<br data-start=\"1540\" data-end=\"1543\" \/>comme une <strong data-start=\"1555\" data-end=\"1592\">porte d\u2019entr\u00e9e vers la conscience<\/strong>,<br data-start=\"1593\" data-end=\"1596\" \/>la qualit\u00e9 relationnelle et la maturit\u00e9 humaine,<br data-start=\"1646\" data-end=\"1649\" \/>au service de choix plus justes et plus durables.<\/p>\n<p data-start=\"1707\" data-end=\"2020\">Nous accompagnons ainsi nos clients<br data-start=\"1742\" data-end=\"1745\" \/>\u00e0 d\u00e9velopper une pr\u00e9sence plus incarn\u00e9e,<br data-start=\"1787\" data-end=\"1790\" \/>une responsabilit\u00e9 \u00e9motionnelle,<br data-start=\"1824\" data-end=\"1827\" \/>une capacit\u00e9 d\u2019\u00e9coute, d\u2019affirmation et de discernement,<br data-start=\"1885\" data-end=\"1888\" \/>permettant de traverser les enjeux personnels, relationnels et professionnels<br data-start=\"1967\" data-end=\"1970\" \/>avec plus de clart\u00e9, de libert\u00e9 et de confiance.<\/p>\n<h3>D\u00e9couvrez aussi :<\/h3>\n<ul>\n<li><a title=\"Gilles Corcos\" href=\"https:\/\/www.odysseemotion.com\/web\/portfolio-view\/gilles-corcos-2\/\">Gilles Corcos<\/a><\/li>\n<li><a title=\"Nos Partenaires\" href=\"https:\/\/www.odysseemotion.com\/web\/nos-partenaires\/\">Les partenaires<\/a><\/li>\n<\/ul>\n<\/div><\/section><\/div><\/p>\n","protected":false},"excerpt":{"rendered":"","protected":false},"author":1,"featured_media":0,"parent":0,"menu_order":0,"comment_status":"open","ping_status":"open","template":"","meta":[],"_links":{"self":[{"href":"https:\/\/www.odysseemotion.com\/web\/wp-json\/wp\/v2\/pages\/2071"}],"collection":[{"href":"https:\/\/www.odysseemotion.com\/web\/wp-json\/wp\/v2\/pages"}],"about":[{"href":"https:\/\/www.odysseemotion.com\/web\/wp-json\/wp\/v2\/types\/page"}],"author":[{"embeddable":true,"href":"https:\/\/www.odysseemotion.com\/web\/wp-json\/wp\/v2\/users\/1"}],"replies":[{"embeddable":true,"href":"https:\/\/www.odysseemotion.com\/web\/wp-json\/wp\/v2\/comments?post=2071"}],"version-history":[{"count":4,"href":"https:\/\/www.odysseemotion.com\/web\/wp-json\/wp\/v2\/pages\/2071\/revisions"}],"predecessor-version":[{"id":16989,"href":"https:\/\/www.odysseemotion.com\/web\/wp-json\/wp\/v2\/pages\/2071\/revisions\/16989"}],"wp:attachment":[{"href":"https:\/\/www.odysseemotion.com\/web\/wp-json\/wp\/v2\/media?parent=2071"}],"curies":[{"name":"wp","href":"https:\/\/api.w.org\/{rel}","templated":true}]}}