{"id":169,"date":"2011-08-30T11:28:22","date_gmt":"2011-08-30T11:28:22","guid":{"rendered":"http:\/\/192.168.9.29\/Development\/TB\/?page_id=169"},"modified":"2023-02-22T19:08:30","modified_gmt":"2023-02-22T18:08:30","slug":"privacy-policy","status":"publish","type":"page","link":"https:\/\/www.odysseemotion.com\/web\/privacy-policy\/","title":{"rendered":"Cr\u00e9dits &#038; Mentions l\u00e9gales"},"content":{"rendered":"<p>[row]<br \/>\n[span12]<\/p>\n<p><strong>Conception &amp; r\u00e9alisation site Internet<\/strong><\/p>\n<p>MG Mobile\u00a0&#8211;\u00a0Agence de marketing mobile<br \/>\n<span style=\"color: #333333;\"><a title=\"MG Mobile\" href=\"http:\/\/www.mgmobile.fr\"><span style=\"color: #333333;\">www.mgmobile.fr<\/span><\/a><\/span><\/p>\n<p><strong>R\u00e9daction des contenus<\/strong><\/p>\n<p>Caroline THIERY<br \/>\njournaliste r\u00e9dactrice<br \/>\nemail : <span style=\"color: #333333;\"><a class=\"H2\" href=\"mailto:c.thiery@netcourrier.com\"><span style=\"color: #333333;\">c.thiery@netcourrier.com<\/span><\/a><\/span><\/p>\n<p><strong>Photographe (portrait de Gilles Corcos) <\/strong><\/p>\n<p>Christian fournier<br \/>\nT\u00e9l : 01 43 31 73 14<br \/>\n14, square de port royal &#8211; 75013 paris<\/p>\n<p><strong>Informations soci\u00e9t\u00e9<\/strong><\/p>\n<p>Odyss\u00e9e Motion<br \/>\nGilles CORCOS<br \/>\nSIRET : 48101740800016<br \/>\n9 bis Bd Jean-Jaur\u00e8s 92100 Boulogne-Billancourt<br \/>\nt\u00e9l : +33(0)6 76 12 42 58<br \/>\nemail :contact@odysseemotion.com<\/p>\n<p><strong>Informations sur le site<\/strong><br \/>\nDirecteur de publication : Gilles CORCOS<\/p>\n<p><strong>H\u00e9bergement<br \/>\n<\/strong>OVH<br \/>\nwww.ovh.com<br \/>\n140 quai Sartel &#8211; 59000 ROUBAIX<br \/>\nT\u00e9l. : 08 99 701 761<\/p>\n<p><strong>Donn\u00e9es personnelles<\/strong><br \/>\nNotre soci\u00e9t\u00e9 est la seule destinataire des donn\u00e9es que vous nous transmettez. Nous assurerons des conditions de s\u00e9curit\u00e9 et de confidentialit\u00e9 de leur utilisation.<br \/>\nConform\u00e9ment \u00e0 l&rsquo;article 34 de la loi Informatique et libert\u00e9s, vous disposez d&rsquo;un droit d&rsquo;acc\u00e8s, de modification, de rectification et de suppression des donn\u00e9es qui vous concernent. Pour l&rsquo;exercer, envoyez un mail \u00e0 l&rsquo;adresse suivante :contact@odysseemotion.com<\/p>\n<p><strong>Copyright<\/strong><br \/>\nToute reproduction int\u00e9grale ou partielle, r\u00e9alis\u00e9e dans un but lucratif par quelque proc\u00e9d\u00e9 que ce soit, est interdite sans autorisation \u00e9crite pr\u00e9alable des auteurs.<\/p>\n<p>[\/span12]<br \/>\n[\/row]<\/p>\n","protected":false},"excerpt":{"rendered":"<p>[row] [span12] Conception &amp; r\u00e9alisation site Internet MG Mobile\u00a0&#8211;\u00a0Agence de marketing mobile www.mgmobile.fr R\u00e9daction des contenus Caroline THIERY journaliste r\u00e9dactrice email : c.thiery@netcourrier.com Photographe (portrait de Gilles Corcos) Christian fournier T\u00e9l : 01 43 31 73 14 14, square de port royal &#8211; 75013 paris Informations soci\u00e9t\u00e9 Odyss\u00e9e Motion Gilles CORCOS SIRET : 48101740800016 9 [&hellip;]<\/p>\n","protected":false},"author":1,"featured_media":0,"parent":0,"menu_order":10,"comment_status":"open","ping_status":"open","template":"","meta":[],"_links":{"self":[{"href":"https:\/\/www.odysseemotion.com\/web\/wp-json\/wp\/v2\/pages\/169"}],"collection":[{"href":"https:\/\/www.odysseemotion.com\/web\/wp-json\/wp\/v2\/pages"}],"about":[{"href":"https:\/\/www.odysseemotion.com\/web\/wp-json\/wp\/v2\/types\/page"}],"author":[{"embeddable":true,"href":"https:\/\/www.odysseemotion.com\/web\/wp-json\/wp\/v2\/users\/1"}],"replies":[{"embeddable":true,"href":"https:\/\/www.odysseemotion.com\/web\/wp-json\/wp\/v2\/comments?post=169"}],"version-history":[{"count":3,"href":"https:\/\/www.odysseemotion.com\/web\/wp-json\/wp\/v2\/pages\/169\/revisions"}],"predecessor-version":[{"id":9317,"href":"https:\/\/www.odysseemotion.com\/web\/wp-json\/wp\/v2\/pages\/169\/revisions\/9317"}],"wp:attachment":[{"href":"https:\/\/www.odysseemotion.com\/web\/wp-json\/wp\/v2\/media?parent=169"}],"curies":[{"name":"wp","href":"https:\/\/api.w.org\/{rel}","templated":true}]}}